{"id":265,"date":"2017-10-20T14:08:26","date_gmt":"2017-10-20T12:08:26","guid":{"rendered":"http:\/\/storker.hu\/english\/?post_type=product&#038;p=265"},"modified":"2025-12-02T12:44:44","modified_gmt":"2025-12-02T10:44:44","slug":"mtf-gv-ld-120-masolat","status":"publish","type":"product","link":"https:\/\/storker.hu\/english\/products\/mtf-gv-ld-120-masolat\/","title":{"rendered":"MTF GV-LD 070"},"content":{"rendered":"\n<style type=\"text\/css\" data-created_by=\"avia_inline_auto\" id=\"style-css-av-1edwcx-256ef296d9d3e064f235ddbfbd818e5d\">\n.flex_column.av-1edwcx-256ef296d9d3e064f235ddbfbd818e5d{\nborder-radius:0px 0px 0px 0px;\n-webkit-border-radius:0px 0px 0px 0px;\n-moz-border-radius:0px 0px 0px 0px;\n}\n<\/style>\n<div class='flex_column av-1edwcx-256ef296d9d3e064f235ddbfbd818e5d av_one_full  avia-builder-el-0  el_before_av_one_full  avia-builder-el-first  first flex_column_div av-zero-column-padding '   ><style type=\"text\/css\" data-created_by=\"avia_inline_auto\" id=\"style-css-av-1936m9-bdd220caf25d3a6ee276b5aba1ce0efb\">\n.avia-image-container.av-1936m9-bdd220caf25d3a6ee276b5aba1ce0efb .av-image-caption-overlay-center{\ncolor:#ffffff;\n}\n<\/style>\n<div  class='avia-image-container av-1936m9-bdd220caf25d3a6ee276b5aba1ce0efb av-styling- avia-align-center  avia-builder-el-1  avia-builder-el-no-sibling  '  itemprop=\"image\" itemscope=\"itemscope\" itemtype=\"https:\/\/schema.org\/ImageObject\" ><div class=\"avia-image-container-inner\"><div class=\"avia-image-overlay-wrap\"><a href=\"https:\/\/storker.hu\/english\/wp-content\/uploads\/gv-ld-070-1030x579.jpeg\" data-srcset=\"https:\/\/storker.hu\/english\/wp-content\/uploads\/gv-ld-070-1030x579.jpeg 1030w, https:\/\/storker.hu\/english\/wp-content\/uploads\/gv-ld-070-600x338.jpeg 600w, https:\/\/storker.hu\/english\/wp-content\/uploads\/gv-ld-070-300x169.jpeg 300w, https:\/\/storker.hu\/english\/wp-content\/uploads\/gv-ld-070-768x432.jpeg 768w, https:\/\/storker.hu\/english\/wp-content\/uploads\/gv-ld-070-705x397.jpeg 705w, https:\/\/storker.hu\/english\/wp-content\/uploads\/gv-ld-070.jpeg 1280w\" data-sizes=\"(max-width: 1030px) 100vw, 1030px\" class='avia_image' ><img width=\"1280\" height=\"720\" class='wp-image-448 avia-img-lazy-loading-not-448 avia_image' src=\"https:\/\/storker.hu\/english\/wp-content\/uploads\/gv-ld-070.jpeg\" alt='' title=''  itemprop=\"thumbnailUrl\" srcset=\"https:\/\/storker.hu\/english\/wp-content\/uploads\/gv-ld-070.jpeg 1280w, https:\/\/storker.hu\/english\/wp-content\/uploads\/gv-ld-070-600x338.jpeg 600w, https:\/\/storker.hu\/english\/wp-content\/uploads\/gv-ld-070-300x169.jpeg 300w, https:\/\/storker.hu\/english\/wp-content\/uploads\/gv-ld-070-768x432.jpeg 768w, https:\/\/storker.hu\/english\/wp-content\/uploads\/gv-ld-070-1030x579.jpeg 1030w, https:\/\/storker.hu\/english\/wp-content\/uploads\/gv-ld-070-705x397.jpeg 705w\" sizes=\"(max-width: 1280px) 100vw, 1280px\" \/><\/a><\/div><\/div><\/div><\/div>\n\n<style type=\"text\/css\" data-created_by=\"avia_inline_auto\" id=\"style-css-av-14r7nd-a7937b17c0a734b50d753a89d57396c0\">\n.flex_column.av-14r7nd-a7937b17c0a734b50d753a89d57396c0{\nborder-radius:0px 0px 0px 0px;\n-webkit-border-radius:0px 0px 0px 0px;\n-moz-border-radius:0px 0px 0px 0px;\n}\n<\/style>\n<div class='flex_column av-14r7nd-a7937b17c0a734b50d753a89d57396c0 av_one_full  avia-builder-el-2  el_after_av_one_full  el_before_av_one_full  first flex_column_div av-zero-column-padding column-top-margin'   ><section  class='av_textblock_section av-ypigh-be123f2820972632372f9ad3d2cea5ef '  itemscope=\"itemscope\" itemtype=\"https:\/\/schema.org\/CreativeWork\" ><div class='avia_textblock '  itemprop=\"text\" ><h3 style=\"padding-bottom: 30px; text-align: justify;\">Stahl-Scharnierplattenband GV-LD 070 Sonder<\/h3>\n<p style=\"text-align: justify;\">Bei groBen Bandbelastungen sind insbesondere im Bereich der Metallverarbeitung entsprechend stabile F\u00f6rderbandausf\u00fchrungen notwendig. Dies bezieht sich sowohl auf die Konstruktion des eigentlichen Bandk\u00f6rpers als auch der Trichtermaterialien und des Untergestells. Ebenso m\u00fcssen die Antriebseinheiten f\u00fcr die Belastungen in verstarkter Ausf\u00fchrung ausgelegt werden.<\/p>\n<ul>\n<li>Extrem stabile Ausf\u00fchrung<\/li>\n<li>Sicherer Stand<\/li>\n<li>Leistungs- und drehmomentstarker Antrieb<\/li>\n<li>Bunkervolumen: 1.000 l<\/li>\n<li>Max. F\u00fcllgewicht: 700kg<\/li>\n<\/ul>\n<\/div><\/section><\/div>\n\n<style type=\"text\/css\" data-created_by=\"avia_inline_auto\" id=\"style-css-av-pg1tt-2c01e157f258b583d8618d124e33c46c\">\n.flex_column.av-pg1tt-2c01e157f258b583d8618d124e33c46c{\nborder-radius:0px 0px 0px 0px;\n-webkit-border-radius:0px 0px 0px 0px;\n-moz-border-radius:0px 0px 0px 0px;\n}\n<\/style>\n<div class='flex_column av-pg1tt-2c01e157f258b583d8618d124e33c46c av_one_full  avia-builder-el-4  el_after_av_one_full  el_before_av_promobox  first flex_column_div av-zero-column-padding column-top-margin'   ><section  class='av_textblock_section av-nrabt-6c48824da98c5bb01f54c2d2f0385077 '  itemscope=\"itemscope\" itemtype=\"https:\/\/schema.org\/CreativeWork\" ><div class='avia_textblock '  itemprop=\"text\" ><h4>Straight Steel Hinged Plate Conveyors<\/h4>\n<p style=\"text-align: justify;\">Straight Steel Hinged Plate Conveyor are versatile. They serve as chain transporters, as output belts for pressed pieces, as deposit belts for die-cast components or for transport of very hot or phthalate-containing plastic pieces. Hinged plates of steel or stainless steel with a heat resistance up to 350\u00b0C, various surface configurations (smooth, studded, slotted, perforated), stable and flexible bases as well as a perfect appearance make these belts unique.<\/p>\n<p style=\"text-align: justify;\">The grooves in the sides and underneath the belt profile offer a maximum of flexibility regarding the attachment of bases or additional features. The hinged plates are equipped with a chain guide on both sides. Spring-loaded chain tensioners mounted in the belt body provide a maintenance-free operation.<\/p>\n<\/div><\/section><\/div>\n\n<style type=\"text\/css\" data-created_by=\"avia_inline_auto\" id=\"style-css-av-e7cdt-4e86f9037b6f548780d9795f61606427\">\n.av_promobox.av-e7cdt-4e86f9037b6f548780d9795f61606427{\ncolor:#686868;\nbackground:#c5e0f0;\n}\n<\/style>\n<div  class='av_promobox av-e7cdt-4e86f9037b6f548780d9795f61606427 avia-button-yes  avia-builder-el-6  el_after_av_one_full  el_before_av_product_upsells  '><div class='avia-promocontent'><p>\nFor more information please visit this website:<\/p>\n<\/div><div  class='avia-button-wrap avia-button-right ' >\n<style type=\"text\/css\" data-created_by=\"avia_inline_auto\" id=\"style-css-av-e7cdt-f6a0af5c317e2bff166a09c19bec28ad\">\n#top #wrap_all .avia-button.av-e7cdt-f6a0af5c317e2bff166a09c19bec28ad{\nbackground-color:#0093dd;\nborder-color:#0093dd;\ncolor:#ffffff;\ntransition:all 0.4s ease-in-out;\n-webkit-transition:all 0.4s ease-in-out;\n-moz-transition:all 0.4s ease-in-out;\n-ms-transition:all 0.4s ease-in-out;\n-o-transition:all 0.4s ease-in-out;\n}\n<\/style>\n<a href='https:\/\/www.mtf-technik.de\/en\/products\/conveyor\/belt-conveyor\/'  class='avia-button av-e7cdt-f6a0af5c317e2bff166a09c19bec28ad avia-icon_select-yes-left-icon avia-size-large avia-position-right ' ><span class='avia_button_icon avia_button_icon_left' aria-hidden='true' data-av_icon='\ue889' data-av_iconfont='entypo-fontello'><\/span><span class='avia_iconbox_title' >Click here!<\/span><\/a><\/div><\/div>\n<div  class='av-woo-product-related-upsells  avia-builder-el-7  el_after_av_promobox  avia-builder-el-last '><div class='product_column product_column_3'>\n\t<section class=\"related products\">\n\n\t\t\t\t\t<h2>Related products<\/h2>\n\t\t\t\t\n\t\t<ul class=\"products columns-3\">\n\n\t\t\t\n\t\t\t\t\t<li class=\"product type-product post-1016 status-publish first instock product_cat-conveyor-technique product_cat-mtf product_cat-steel-hinged-plate-conveyors has-post-thumbnail virtual product-type-simple\">\n\t<div class='inner_product main_color wrapped_style noLightbox  av-product-class-minimal'><div class='thumbnail_container'><img width=\"300\" height=\"300\" src=\"https:\/\/storker.hu\/english\/wp-content\/uploads\/sonder-300x300.jpeg\" class=\"wp-image-1018 avia-img-lazy-loading-1018 attachment-shop_catalog size-shop_catalog wp-post-image\" alt=\"\" loading=\"lazy\" srcset=\"https:\/\/storker.hu\/english\/wp-content\/uploads\/sonder-300x300.jpeg 300w, https:\/\/storker.hu\/english\/wp-content\/uploads\/sonder-100x100.jpeg 100w, https:\/\/storker.hu\/english\/wp-content\/uploads\/sonder-80x80.jpeg 80w, https:\/\/storker.hu\/english\/wp-content\/uploads\/sonder-36x36.jpeg 36w, https:\/\/storker.hu\/english\/wp-content\/uploads\/sonder-180x180.jpeg 180w\" sizes=\"(max-width: 300px) 100vw, 300px\" \/><span class='cart-loading'><\/span><\/div><div class='inner_product_header'><div class='avia-arrow'><\/div><div class='inner_product_header_table'><div class='inner_product_header_cell'><\/div><\/div><\/div><\/div><\/li>\n\n\t\t\t\n\t\t\t\t\t<li class=\"product type-product post-1019 status-publish instock product_cat-conveyor-technique product_cat-mtf product_cat-steel-hinged-plate-conveyors has-post-thumbnail virtual product-type-simple\">\n\t<div class='inner_product main_color wrapped_style noLightbox  av-product-class-minimal'><div class='thumbnail_container'><img width=\"300\" height=\"300\" src=\"https:\/\/storker.hu\/english\/wp-content\/uploads\/sonder-2-300x300.jpeg\" class=\"wp-image-1020 avia-img-lazy-loading-1020 attachment-shop_catalog size-shop_catalog wp-post-image\" alt=\"\" loading=\"lazy\" srcset=\"https:\/\/storker.hu\/english\/wp-content\/uploads\/sonder-2-300x300.jpeg 300w, https:\/\/storker.hu\/english\/wp-content\/uploads\/sonder-2-100x100.jpeg 100w, https:\/\/storker.hu\/english\/wp-content\/uploads\/sonder-2-80x80.jpeg 80w, https:\/\/storker.hu\/english\/wp-content\/uploads\/sonder-2-36x36.jpeg 36w, https:\/\/storker.hu\/english\/wp-content\/uploads\/sonder-2-180x180.jpeg 180w\" sizes=\"(max-width: 300px) 100vw, 300px\" \/><span class='cart-loading'><\/span><\/div><div class='inner_product_header'><div class='avia-arrow'><\/div><div class='inner_product_header_table'><div class='inner_product_header_cell'><\/div><\/div><\/div><\/div><\/li>\n\n\t\t\t\n\t\t\t\t\t<li class=\"product type-product post-1008 status-publish last instock product_cat-conveyor-technique product_cat-mtf product_cat-steel-hinged-plate-conveyors has-post-thumbnail virtual product-type-simple\">\n\t<div class='inner_product main_color wrapped_style noLightbox  av-product-class-minimal'><div class='thumbnail_container'><img width=\"300\" height=\"300\" src=\"https:\/\/storker.hu\/english\/wp-content\/uploads\/zvf-he-020-300x300.jpeg\" class=\"wp-image-1010 avia-img-lazy-loading-1010 attachment-shop_catalog size-shop_catalog wp-post-image\" alt=\"\" loading=\"lazy\" srcset=\"https:\/\/storker.hu\/english\/wp-content\/uploads\/zvf-he-020-300x300.jpeg 300w, https:\/\/storker.hu\/english\/wp-content\/uploads\/zvf-he-020-100x100.jpeg 100w, https:\/\/storker.hu\/english\/wp-content\/uploads\/zvf-he-020-80x80.jpeg 80w, https:\/\/storker.hu\/english\/wp-content\/uploads\/zvf-he-020-36x36.jpeg 36w, https:\/\/storker.hu\/english\/wp-content\/uploads\/zvf-he-020-180x180.jpeg 180w\" sizes=\"(max-width: 300px) 100vw, 300px\" \/><span class='cart-loading'><\/span><\/div><div class='inner_product_header'><div class='avia-arrow'><\/div><div class='inner_product_header_table'><div class='inner_product_header_cell'><\/div><\/div><\/div><\/div><\/li>\n\n\t\t\t\n\t\t<\/ul>\n\n\t<\/section>\n\t<\/div><\/div>\n","protected":false},"excerpt":{"rendered":"","protected":false},"featured_media":449,"template":"","meta":[],"product_cat":[22],"product_tag":[],"_links":{"self":[{"href":"https:\/\/storker.hu\/english\/wp-json\/wp\/v2\/product\/265"}],"collection":[{"href":"https:\/\/storker.hu\/english\/wp-json\/wp\/v2\/product"}],"about":[{"href":"https:\/\/storker.hu\/english\/wp-json\/wp\/v2\/types\/product"}],"wp:featuredmedia":[{"embeddable":true,"href":"https:\/\/storker.hu\/english\/wp-json\/wp\/v2\/media\/449"}],"wp:attachment":[{"href":"https:\/\/storker.hu\/english\/wp-json\/wp\/v2\/media?parent=265"}],"wp:term":[{"taxonomy":"product_cat","embeddable":true,"href":"https:\/\/storker.hu\/english\/wp-json\/wp\/v2\/product_cat?post=265"},{"taxonomy":"product_tag","embeddable":true,"href":"https:\/\/storker.hu\/english\/wp-json\/wp\/v2\/product_tag?post=265"}],"curies":[{"name":"wp","href":"https:\/\/api.w.org\/{rel}","templated":true}]}}