{"id":937,"date":"2017-12-01T11:37:01","date_gmt":"2017-12-01T09:37:01","guid":{"rendered":"http:\/\/storker.hu\/english\/?post_type=product&#038;p=937"},"modified":"2021-02-11T12:40:35","modified_gmt":"2021-02-11T10:40:35","slug":"barcode-capture","status":"publish","type":"product","link":"https:\/\/storker.hu\/english\/products\/barcode-capture\/","title":{"rendered":"Barcode capture for material verification"},"content":{"rendered":"\n<style type=\"text\/css\" data-created_by=\"avia_inline_auto\" id=\"style-css-av-av_one_full-826c1c0ca2001783299b013bb6b50dff\">\n.flex_column.av-av_one_full-826c1c0ca2001783299b013bb6b50dff{\nborder-radius:0px 0px 0px 0px;\n-webkit-border-radius:0px 0px 0px 0px;\n-moz-border-radius:0px 0px 0px 0px;\n}\n<\/style>\n<div class='flex_column av-av_one_full-826c1c0ca2001783299b013bb6b50dff av_one_full  avia-builder-el-0  el_before_av_one_full  avia-builder-el-first  first flex_column_div av-zero-column-padding '   ><style type=\"text\/css\" data-created_by=\"avia_inline_auto\" id=\"style-css-av-av_image-de2c825eed407ca0eaba386d9da6903d\">\n.avia-image-container.av-av_image-de2c825eed407ca0eaba386d9da6903d .av-image-caption-overlay-center{\ncolor:#ffffff;\n}\n<\/style>\n<div  class='avia-image-container av-av_image-de2c825eed407ca0eaba386d9da6903d av-styling- av-hover-grow avia-align-center  avia-builder-el-1  avia-builder-el-no-sibling  '  itemprop=\"image\" itemscope=\"itemscope\" itemtype=\"https:\/\/schema.org\/ImageObject\" ><div class=\"avia-image-container-inner\"><div class=\"avia-image-overlay-wrap\"><a href=\"https:\/\/storker.hu\/english\/wp-content\/uploads\/barcode.jpg\" data-srcset=\"https:\/\/storker.hu\/english\/wp-content\/uploads\/barcode.jpg 960w, https:\/\/storker.hu\/english\/wp-content\/uploads\/barcode-600x338.jpg 600w, https:\/\/storker.hu\/english\/wp-content\/uploads\/barcode-300x169.jpg 300w, https:\/\/storker.hu\/english\/wp-content\/uploads\/barcode-768x432.jpg 768w, https:\/\/storker.hu\/english\/wp-content\/uploads\/barcode-705x397.jpg 705w\" data-sizes=\"(max-width: 960px) 100vw, 960px\" class='avia_image' ><img width=\"960\" height=\"540\" class='wp-image-798 avia-img-lazy-loading-not-798 avia_image' src=\"https:\/\/storker.hu\/english\/wp-content\/uploads\/barcode.jpg\" alt='barcode' title=''  itemprop=\"thumbnailUrl\" srcset=\"https:\/\/storker.hu\/english\/wp-content\/uploads\/barcode.jpg 960w, https:\/\/storker.hu\/english\/wp-content\/uploads\/barcode-600x338.jpg 600w, https:\/\/storker.hu\/english\/wp-content\/uploads\/barcode-300x169.jpg 300w, https:\/\/storker.hu\/english\/wp-content\/uploads\/barcode-768x432.jpg 768w, https:\/\/storker.hu\/english\/wp-content\/uploads\/barcode-705x397.jpg 705w\" sizes=\"(max-width: 960px) 100vw, 960px\" \/><\/a><\/div><\/div><\/div><\/div>\n\n<style type=\"text\/css\" data-created_by=\"avia_inline_auto\" id=\"style-css-av-av_one_full-826c1c0ca2001783299b013bb6b50dff\">\n.flex_column.av-av_one_full-826c1c0ca2001783299b013bb6b50dff{\nborder-radius:0px 0px 0px 0px;\n-webkit-border-radius:0px 0px 0px 0px;\n-moz-border-radius:0px 0px 0px 0px;\n}\n<\/style>\n<div class='flex_column av-av_one_full-826c1c0ca2001783299b013bb6b50dff av_one_full  avia-builder-el-2  el_after_av_one_full  el_before_av_promobox  first flex_column_div av-zero-column-padding column-top-margin'   ><section  class='av_textblock_section av-av_textblock-2de302bf1aa3cf4c9157dbe6f50ac7eb '  itemscope=\"itemscope\" itemtype=\"https:\/\/schema.org\/CreativeWork\" ><div class='avia_textblock '  itemprop=\"text\" ><h3>Barcode capture for material verification<\/h3>\n<p style=\"text-align: justify;\">Material verification with a barcode capture system is an important step in ensuring that a process runs correctly. The code on the material is read with a barcode scanner. The data is transmitted immediately to the visualisation system, where it is analysed. The purpose of this step is:<\/p>\n<ul>\n<li>Ensuring that the material has been approved before processing<\/li>\n<li>Documenting a change of material in the company&#8217;s database<\/li>\n<li>Protection against manipulation as demanded by certification<\/li>\n<\/ul>\n<p>In the long term, barcode capture saves time and money, as very little effort is involved in reading and reconciling the data.<\/p>\n<\/div><\/section><\/div>\n\n<style type=\"text\/css\" data-created_by=\"avia_inline_auto\" id=\"style-css-av-av_promobox-4cb9ace5300e0a6b73ce921684e47143\">\n.av_promobox.av-av_promobox-4cb9ace5300e0a6b73ce921684e47143{\ncolor:#686868;\nbackground:#c5e0f0;\n}\n<\/style>\n<div  class='av_promobox av-av_promobox-4cb9ace5300e0a6b73ce921684e47143 avia-button-yes  avia-builder-el-4  el_after_av_one_full  el_before_av_product_upsells  '><div class='avia-promocontent'><p>\nFor more information please visit this website:<\/p>\n<\/div><div  class='avia-button-wrap avia-button-right ' >\n<style type=\"text\/css\" data-created_by=\"avia_inline_auto\" id=\"style-css-av-av_button-b53164bdf2289e6dc89cd37d04f04b07\">\n#top #wrap_all .avia-button.av-av_button-b53164bdf2289e6dc89cd37d04f04b07{\nbackground-color:#0093dd;\nborder-color:#0093dd;\ncolor:#ffffff;\ntransition:all 0.4s ease-in-out;\n-webkit-transition:all 0.4s ease-in-out;\n-moz-transition:all 0.4s ease-in-out;\n-ms-transition:all 0.4s ease-in-out;\n-o-transition:all 0.4s ease-in-out;\n}\n<\/style>\n<a href='https:\/\/koch-technik.com\/national\/'  class='avia-button av-av_button-b53164bdf2289e6dc89cd37d04f04b07 avia-icon_select-yes-left-icon avia-size-large avia-position-right ' ><span class='avia_button_icon avia_button_icon_left' aria-hidden='true' data-av_icon='\ue889' data-av_iconfont='entypo-fontello'><\/span><span class='avia_iconbox_title' >Click here!<\/span><\/a><\/div><\/div>\n<div  class='av-woo-product-related-upsells  avia-builder-el-5  el_after_av_promobox  avia-builder-el-last '><div class='product_column product_column_3'>\n\t<section class=\"related products\">\n\n\t\t\t\t\t<h2>Related products<\/h2>\n\t\t\t\t\n\t\t<ul class=\"products columns-3\">\n\n\t\t\t\n\t\t\t\t\t<li class=\"product type-product post-807 status-publish first instock product_cat-drying product_cat-koch-technik has-post-thumbnail virtual product-type-simple\">\n\t<div class='inner_product main_color wrapped_style noLightbox  av-product-class-minimal'><div class='thumbnail_container'><img width=\"300\" height=\"300\" src=\"https:\/\/storker.hu\/english\/wp-content\/uploads\/dew-point-960-300x300.jpg\" class=\"wp-image-809 avia-img-lazy-loading-809 attachment-shop_catalog size-shop_catalog wp-post-image\" alt=\"\" loading=\"lazy\" srcset=\"https:\/\/storker.hu\/english\/wp-content\/uploads\/dew-point-960-300x300.jpg 300w, https:\/\/storker.hu\/english\/wp-content\/uploads\/dew-point-960-100x100.jpg 100w, https:\/\/storker.hu\/english\/wp-content\/uploads\/dew-point-960-80x80.jpg 80w, https:\/\/storker.hu\/english\/wp-content\/uploads\/dew-point-960-36x36.jpg 36w, https:\/\/storker.hu\/english\/wp-content\/uploads\/dew-point-960-180x180.jpg 180w\" sizes=\"(max-width: 300px) 100vw, 300px\" \/><span class='cart-loading'><\/span><\/div><div class='inner_product_header'><div class='avia-arrow'><\/div><div class='inner_product_header_table'><div class='inner_product_header_cell'><\/div><\/div><\/div><\/div><\/li>\n\n\t\t\t\n\t\t\t\t\t<li class=\"product type-product post-867 status-publish instock product_cat-control-units product_cat-koch-technik product_cat-mixing-and-dosing has-post-thumbnail virtual product-type-simple\">\n\t<div class='inner_product main_color wrapped_style noLightbox  av-product-class-minimal'><div class='thumbnail_container'><img width=\"300\" height=\"300\" src=\"https:\/\/storker.hu\/english\/wp-content\/uploads\/sl-31-control-300x300.jpg\" class=\"wp-image-868 avia-img-lazy-loading-868 attachment-shop_catalog size-shop_catalog wp-post-image\" alt=\"Sl 31 \u00e9s 41 vez\u00e9rl\u0151egys\u00e9gek\" loading=\"lazy\" srcset=\"https:\/\/storker.hu\/english\/wp-content\/uploads\/sl-31-control-300x300.jpg 300w, https:\/\/storker.hu\/english\/wp-content\/uploads\/sl-31-control-100x100.jpg 100w, https:\/\/storker.hu\/english\/wp-content\/uploads\/sl-31-control-80x80.jpg 80w, https:\/\/storker.hu\/english\/wp-content\/uploads\/sl-31-control-36x36.jpg 36w, https:\/\/storker.hu\/english\/wp-content\/uploads\/sl-31-control-180x180.jpg 180w\" sizes=\"(max-width: 300px) 100vw, 300px\" \/><span class='cart-loading'><\/span><\/div><div class='inner_product_header'><div class='avia-arrow'><\/div><div class='inner_product_header_table'><div class='inner_product_header_cell'><\/div><\/div><\/div><\/div><\/li>\n\n\t\t\t\n\t\t\t\t\t<li class=\"product type-product post-800 status-publish last instock product_cat-central-conveying-systems product_cat-koch-technik has-post-thumbnail virtual product-type-simple\">\n\t<div class='inner_product main_color wrapped_style noLightbox  av-product-class-minimal'><div class='thumbnail_container'><img width=\"300\" height=\"300\" src=\"https:\/\/storker.hu\/english\/wp-content\/uploads\/pipes-960-300x300.jpg\" class=\"wp-image-802 avia-img-lazy-loading-802 attachment-shop_catalog size-shop_catalog wp-post-image\" alt=\"pipes-960\" loading=\"lazy\" srcset=\"https:\/\/storker.hu\/english\/wp-content\/uploads\/pipes-960-300x300.jpg 300w, https:\/\/storker.hu\/english\/wp-content\/uploads\/pipes-960-100x100.jpg 100w, https:\/\/storker.hu\/english\/wp-content\/uploads\/pipes-960-80x80.jpg 80w, https:\/\/storker.hu\/english\/wp-content\/uploads\/pipes-960-36x36.jpg 36w, https:\/\/storker.hu\/english\/wp-content\/uploads\/pipes-960-180x180.jpg 180w\" sizes=\"(max-width: 300px) 100vw, 300px\" \/><span class='cart-loading'><\/span><\/div><div class='inner_product_header'><div class='avia-arrow'><\/div><div class='inner_product_header_table'><div class='inner_product_header_cell'><\/div><\/div><\/div><\/div><\/li>\n\n\t\t\t\n\t\t<\/ul>\n\n\t<\/section>\n\t<\/div><\/div>\n","protected":false},"excerpt":{"rendered":"","protected":false},"featured_media":936,"template":"","meta":[],"product_cat":[18,19],"product_tag":[],"_links":{"self":[{"href":"https:\/\/storker.hu\/english\/wp-json\/wp\/v2\/product\/937"}],"collection":[{"href":"https:\/\/storker.hu\/english\/wp-json\/wp\/v2\/product"}],"about":[{"href":"https:\/\/storker.hu\/english\/wp-json\/wp\/v2\/types\/product"}],"wp:featuredmedia":[{"embeddable":true,"href":"https:\/\/storker.hu\/english\/wp-json\/wp\/v2\/media\/936"}],"wp:attachment":[{"href":"https:\/\/storker.hu\/english\/wp-json\/wp\/v2\/media?parent=937"}],"wp:term":[{"taxonomy":"product_cat","embeddable":true,"href":"https:\/\/storker.hu\/english\/wp-json\/wp\/v2\/product_cat?post=937"},{"taxonomy":"product_tag","embeddable":true,"href":"https:\/\/storker.hu\/english\/wp-json\/wp\/v2\/product_tag?post=937"}],"curies":[{"name":"wp","href":"https:\/\/api.w.org\/{rel}","templated":true}]}}