{"id":176,"date":"2017-10-19T11:25:11","date_gmt":"2017-10-19T09:25:11","guid":{"rendered":"http:\/\/storker.hu\/hrvatski\/?page_id=176"},"modified":"2024-10-21T15:36:36","modified_gmt":"2024-10-21T13:36:36","slug":"contact","status":"publish","type":"page","link":"https:\/\/storker.hu\/hrvatski\/contact\/","title":{"rendered":"Contact"},"content":{"rendered":"\n<style type=\"text\/css\" data-created_by=\"avia_inline_auto\" id=\"style-css-av-2xp4pc-80a25c41f1dd66bf890d1b10e04c5e57\">\n.avia-section.av-2xp4pc-80a25c41f1dd66bf890d1b10e04c5e57{\nbackground-color:#0093dd;\n}\n<\/style>\n<div id='av_section_1'  class='avia-section av-2xp4pc-80a25c41f1dd66bf890d1b10e04c5e57 main_color avia-section-default avia-no-shadow  avia-builder-el-0  el_before_av_section  avia-builder-el-first  avia-bg-style-scroll  container_wrap sidebar_right'  ><div class='container av-section-cont-open' ><main  role=\"main\" itemprop=\"mainContentOfPage\"  class='template-page content  av-content-small alpha units'><div class='post-entry post-entry-type-page post-entry-176'><div class='entry-content-wrapper clearfix'>\n<section  class='av_textblock_section av-2t11s0-f87a51476f26e46f65d6bd7a47f87509 '  itemscope=\"itemscope\" itemtype=\"https:\/\/schema.org\/CreativeWork\" ><div class='avia_textblock '  itemprop=\"text\" ><h1 style=\"text-align: center;\"><span style=\"color: #ffffff;\">Informacije o tvrtki<\/span><\/h1>\n<\/div><\/section>\n\n<\/div><\/div><\/main><!-- close content main element --><\/div><\/div>\n<style type=\"text\/css\" data-created_by=\"avia_inline_auto\" id=\"style-css-av-2kxro0-7bcedc3d1159282d1993f6034b9c9223\">\n.avia-section.av-2kxro0-7bcedc3d1159282d1993f6034b9c9223{\nbackground-repeat:no-repeat;\nbackground-image:url(https:\/\/storker.hu\/hrvatski\/wp-content\/uploads\/contact.jpg);\nbackground-position:100% 50%;\nbackground-attachment:scroll;\n}\n.avia-section.av-2kxro0-7bcedc3d1159282d1993f6034b9c9223 .av-section-color-overlay{\nopacity:0.7;\nbackground-color:#ffffff;\nbackground-image:url(https:\/\/storker.hu\/hrvatski\/wp-content\/themes\/enfold\/images\/background-images\/linen-for-light-background.png);\nbackground-repeat:repeat;\n}\n<\/style>\n<div id='av_section_2'  class='avia-section av-2kxro0-7bcedc3d1159282d1993f6034b9c9223 main_color avia-section-default avia-no-shadow  avia-builder-el-2  el_after_av_section  el_before_av_section  avia-bg-style-scroll av-section-color-overlay-active  container_wrap sidebar_right'  data-section-bg-repeat='no-repeat'><div class='av-section-color-overlay-wrap'><div class=\"av-section-color-overlay\"><\/div><div class='container av-section-cont-open' ><div class='template-page content  av-content-small alpha units'><div class='post-entry post-entry-type-page post-entry-176'><div class='entry-content-wrapper clearfix'>\n\n<style type=\"text\/css\" data-created_by=\"avia_inline_auto\" id=\"style-css-av-2g5ia0-0998e1bde23d63a1467b4224b0eebec2\">\n.flex_column.av-2g5ia0-0998e1bde23d63a1467b4224b0eebec2{\nborder-radius:0px 0px 0px 0px;\n-webkit-border-radius:0px 0px 0px 0px;\n-moz-border-radius:0px 0px 0px 0px;\n}\n<\/style>\n<div class='flex_column av-2g5ia0-0998e1bde23d63a1467b4224b0eebec2 av_one_full  avia-builder-el-3  avia-builder-el-no-sibling  first flex_column_div av-zero-column-padding '   ><section  class='av_textblock_section av-2a6vfc-2f830cba134fcd00537b69db33b5ffe0 '  itemscope=\"itemscope\" itemtype=\"https:\/\/schema.org\/CreativeWork\" ><div class='avia_textblock '  itemprop=\"text\" ><h2 style=\"text-align: center;\">Adresa:<\/h2>\n<p style=\"text-align: center;\"><strong>4025 Debrecen, K\u00fcls\u0151v\u00e1s\u00e1rt\u00e9r 18. (Ured)<\/strong><\/p>\n<p style=\"text-align: center;\"><strong> 4031 Debrecen, Kishegyesi \u00fat 263. (Mjesto)<\/strong><\/p>\n<h2 style=\"text-align: center;\">E-mail Adresa:<\/h2>\n<p style=\"text-align: center;\"><strong>info@storker.hu<\/strong><\/p>\n<h4><\/h4>\n<\/div><\/section><\/div><\/div><\/div><\/div><!-- close content main div --><\/div><\/div><\/div>\n<style type=\"text\/css\" data-created_by=\"avia_inline_auto\" id=\"style-css-av-23q7nk-a6ac4cd5ddd4405de66f14c156761677\">\n.avia-section.av-23q7nk-a6ac4cd5ddd4405de66f14c156761677{\nbackground-color:#0193de;\n}\n<\/style>\n<div id='av_section_3'  class='avia-section av-23q7nk-a6ac4cd5ddd4405de66f14c156761677 main_color avia-section-no-padding avia-no-shadow  avia-builder-el-5  el_after_av_section  el_before_av_section  avia-bg-style-scroll  av-minimum-height av-minimum-height-custom  container_wrap sidebar_right'  ><div class='container av-section-cont-open' style='height:5px'><div class='template-page content  av-content-small alpha units'><div class='post-entry post-entry-type-page post-entry-176'><div class='entry-content-wrapper clearfix'><\/p>\n<\/div><\/div><\/div><!-- close content main div --><\/div><\/div>\n<style type=\"text\/css\" data-created_by=\"avia_inline_auto\" id=\"style-css-av-1u8xe0-6959aa729c2f5f4aa2f10a6d5d73578f\">\n.avia-section.av-1u8xe0-6959aa729c2f5f4aa2f10a6d5d73578f .av-section-color-overlay{\nopacity:0.7;\nbackground-color:#ffffff;\nbackground-image:url(https:\/\/storker.hu\/hrvatski\/wp-content\/themes\/enfold\/images\/background-images\/ios-linen-dark.png);\nbackground-repeat:repeat;\n}\n<\/style>\n<div id='av_section_4'  class='avia-section av-1u8xe0-6959aa729c2f5f4aa2f10a6d5d73578f main_color avia-section-default avia-no-shadow  avia-builder-el-6  el_after_av_section  el_before_av_section  avia-bg-style-scroll av-section-color-overlay-active  container_wrap sidebar_right'  ><div class='av-section-color-overlay-wrap'><div class=\"av-section-color-overlay\"><\/div><div class='container av-section-cont-open' ><div class='template-page content  av-content-small alpha units'><div class='post-entry post-entry-type-page post-entry-176'><div class='entry-content-wrapper clearfix'>\n\n<style type=\"text\/css\" data-created_by=\"avia_inline_auto\" id=\"style-css-av-1oxnl4-41be086139134f4400c5d5f680b35361\">\n.flex_column.av-1oxnl4-41be086139134f4400c5d5f680b35361{\nborder-radius:0px 0px 0px 0px;\n-webkit-border-radius:0px 0px 0px 0px;\n-moz-border-radius:0px 0px 0px 0px;\n}\n<\/style>\n<div class='flex_column av-1oxnl4-41be086139134f4400c5d5f680b35361 av_one_full  avia-builder-el-7  avia-builder-el-no-sibling  first flex_column_div av-zero-column-padding '   ><section  class='av_textblock_section av-1jlsy8-7e79f2a62524c3c16c4bfd1208e6e106 '  itemscope=\"itemscope\" itemtype=\"https:\/\/schema.org\/CreativeWork\" ><div class='avia_textblock '  itemprop=\"text\" ><h2 style=\"text-align: center;\"><span id=\"result_box\" class=\"short_text\" lang=\"hr\" tabindex=\"-1\"><span class=\"\">Brojevi telefona:<\/span><\/span><\/h2>\n<\/div><\/section><br \/>\n\n<style type=\"text\/css\" data-created_by=\"avia_inline_auto\" id=\"style-css-av-1h41gw-55fad91419cb22c681413e8acebde1e2\">\n#top .hr.hr-invisible.av-1h41gw-55fad91419cb22c681413e8acebde1e2{\nheight:25px;\n}\n<\/style>\n<div  class='hr av-1h41gw-55fad91419cb22c681413e8acebde1e2 hr-invisible  avia-builder-el-9  el_after_av_textblock  el_before_av_button  '><span class='hr-inner '><span class=\"hr-inner-style\"><\/span><\/span><\/div><br \/>\n<div  class='avia-button-wrap avia-button-center  avia-builder-el-10  el_after_av_hr  el_before_av_hr ' ><a href='tel:+3652531670'  class='avia-button av-1blyao-dde3f0c4a1378047940701eb6b97e3ac avia-icon_select-yes-left-icon avia-size-large avia-position-center avia-color-theme-color ' ><span class='avia_button_icon avia_button_icon_left' aria-hidden='true' data-av_icon='\ue810' data-av_iconfont='entypo-fontello'><\/span><span class='avia_iconbox_title' >+36 52\/531-670<\/span><\/a><\/div><br \/>\n\n<style type=\"text\/css\" data-created_by=\"avia_inline_auto\" id=\"style-css-av-141zeg-1483be7e24369110718c48419d4fd21f\">\n#top .hr.hr-invisible.av-141zeg-1483be7e24369110718c48419d4fd21f{\nheight:25px;\n}\n<\/style>\n<div  class='hr av-141zeg-1483be7e24369110718c48419d4fd21f hr-invisible  avia-builder-el-11  el_after_av_button  el_before_av_button  '><span class='hr-inner '><span class=\"hr-inner-style\"><\/span><\/span><\/div><br \/>\n<div  class='avia-button-wrap avia-button-center  avia-builder-el-12  el_after_av_hr  avia-builder-el-last ' ><a href='tel:+36306881052'  class='avia-button av-36suo-8034fd55d6aa70caf96f1a1a82ec4447 avia-icon_select-yes-left-icon avia-size-large avia-position-center avia-color-theme-color ' ><span class='avia_button_icon avia_button_icon_left' aria-hidden='true' data-av_icon='\ue810' data-av_iconfont='entypo-fontello'><\/span><span class='avia_iconbox_title' >+36 30\/688 1052<\/span><\/a><\/div><\/p><\/div>\n\n<\/div><\/div><\/div><!-- close content main div --><\/div><\/div><\/div>\n<style type=\"text\/css\" data-created_by=\"avia_inline_auto\" id=\"style-css-av-qwna0-e7135751937c55b792c992716786baec\">\n.avia-section.av-qwna0-e7135751937c55b792c992716786baec{\nbackground-color:#0193de;\n}\n<\/style>\n<div id='av_section_5'  class='avia-section av-qwna0-e7135751937c55b792c992716786baec main_color avia-section-no-padding avia-no-shadow  avia-builder-el-13  el_after_av_section  el_before_av_google_map  avia-bg-style-scroll  av-minimum-height av-minimum-height-custom  container_wrap sidebar_right'  ><div class='container av-section-cont-open' style='height:5px'><div class='template-page content  av-content-small alpha units'><div class='post-entry post-entry-type-page post-entry-176'><div class='entry-content-wrapper clearfix'>\n<div  class='av_gmaps_sc_main_wrap av_gmaps_main_wrap '><div id='av_gmap_0' class='avia-google-map-container avia-google-map-sc av_gmaps_show_unconditionally av-no-fallback-img ' data-mapid='av_gmap_0'  style='height: 500px;'><a class=\"av_gmaps_browser_disabled av_text_confirm_link av_text_confirm_link_visible\" href=\"https:\/\/www.google.com\/maps\/search\/?api=1&#038;query=Kishegyesi%20\u00fat%20263.%20%20Debrecen%20%20Magyarorsz\u00e1g\" target=\"_blank\" rel=\"noopener\">Maps were disabled by the visitor on this site. Click to open the map in a new window.<\/a><\/div><\/div>\n","protected":false},"excerpt":{"rendered":"","protected":false},"author":1,"featured_media":0,"parent":0,"menu_order":6,"comment_status":"closed","ping_status":"closed","template":"","meta":[],"_links":{"self":[{"href":"https:\/\/storker.hu\/hrvatski\/wp-json\/wp\/v2\/pages\/176"}],"collection":[{"href":"https:\/\/storker.hu\/hrvatski\/wp-json\/wp\/v2\/pages"}],"about":[{"href":"https:\/\/storker.hu\/hrvatski\/wp-json\/wp\/v2\/types\/page"}],"author":[{"embeddable":true,"href":"https:\/\/storker.hu\/hrvatski\/wp-json\/wp\/v2\/users\/1"}],"replies":[{"embeddable":true,"href":"https:\/\/storker.hu\/hrvatski\/wp-json\/wp\/v2\/comments?post=176"}],"version-history":[{"count":27,"href":"https:\/\/storker.hu\/hrvatski\/wp-json\/wp\/v2\/pages\/176\/revisions"}],"predecessor-version":[{"id":2137,"href":"https:\/\/storker.hu\/hrvatski\/wp-json\/wp\/v2\/pages\/176\/revisions\/2137"}],"wp:attachment":[{"href":"https:\/\/storker.hu\/hrvatski\/wp-json\/wp\/v2\/media?parent=176"}],"curies":[{"name":"wp","href":"https:\/\/api.w.org\/{rel}","templated":true}]}}