{"id":1864,"date":"2018-01-17T10:17:39","date_gmt":"2018-01-17T08:17:39","guid":{"rendered":"http:\/\/storker.hu\/hrvatski\/?page_id=1864"},"modified":"2019-09-13T11:50:02","modified_gmt":"2019-09-13T09:50:02","slug":"puznice-za-obradu-plastike","status":"publish","type":"page","link":"https:\/\/storker.hu\/hrvatski\/our-services\/puznice-za-obradu-plastike\/","title":{"rendered":"Pu\u017enice za obradu plastike"},"content":{"rendered":"\n<style type=\"text\/css\" data-created_by=\"avia_inline_auto\" id=\"style-css-av-av_section-090a5b8750cd42adc1c658fbb2fb2cdf\">\n.avia-section.av-av_section-090a5b8750cd42adc1c658fbb2fb2cdf{\nbackground-color:#0093dd;\n}\n<\/style>\n<div id='av_section_1'  class='avia-section av-av_section-090a5b8750cd42adc1c658fbb2fb2cdf main_color avia-section-default avia-no-shadow  avia-builder-el-0  el_before_av_section  avia-builder-el-first  avia-bg-style-scroll  container_wrap sidebar_right'  ><div class='container av-section-cont-open' ><main  role=\"main\" itemprop=\"mainContentOfPage\"  class='template-page content  av-content-small alpha units'><div class='post-entry post-entry-type-page post-entry-1864'><div class='entry-content-wrapper clearfix'>\n\n<style type=\"text\/css\" data-created_by=\"avia_inline_auto\" id=\"style-css-av-av_one_full-15d750bd1b332b34c6e70b077ebbccdf\">\n.flex_column.av-av_one_full-15d750bd1b332b34c6e70b077ebbccdf{\nborder-radius:0px 0px 0px 0px;\n-webkit-border-radius:0px 0px 0px 0px;\n-moz-border-radius:0px 0px 0px 0px;\n}\n<\/style>\n<div class='flex_column av-av_one_full-15d750bd1b332b34c6e70b077ebbccdf av_one_full  avia-builder-el-1  avia-builder-el-no-sibling  first flex_column_div av-zero-column-padding '   ><style type=\"text\/css\" data-created_by=\"avia_inline_auto\" id=\"style-css-av-av_textblock-c72d238896a728b0cb5c83a00d56b306\">\n.av_textblock_section.av-av_textblock-c72d238896a728b0cb5c83a00d56b306 .avia_textblock{\ncolor:#ffffff;\n}\n<\/style>\n<section  class='av_textblock_section av-av_textblock-c72d238896a728b0cb5c83a00d56b306 '  itemscope=\"itemscope\" itemtype=\"https:\/\/schema.org\/CreativeWork\" ><div class='avia_textblock av_inherit_color '  itemprop=\"text\" ><h1 style=\"text-align: center;\">Pu\u017enice za obradu plastike<\/h1>\n<\/div><\/section><\/div>\n\n<\/div><\/div><\/main><!-- close content main element --><\/div><\/div><div id='av_section_2'  class='avia-section av-av_section-e20ec1361547d950b6e2569930d6aa41 main_color avia-section-default avia-no-shadow  avia-builder-el-3  el_after_av_section  el_before_av_section  avia-bg-style-scroll  container_wrap sidebar_right'  ><div class='container av-section-cont-open' ><div class='template-page content  av-content-small alpha units'><div class='post-entry post-entry-type-page post-entry-1864'><div class='entry-content-wrapper clearfix'>\n\n<style type=\"text\/css\" data-created_by=\"avia_inline_auto\" id=\"style-css-av-av_one_full-15d750bd1b332b34c6e70b077ebbccdf\">\n.flex_column.av-av_one_full-15d750bd1b332b34c6e70b077ebbccdf{\nborder-radius:0px 0px 0px 0px;\n-webkit-border-radius:0px 0px 0px 0px;\n-moz-border-radius:0px 0px 0px 0px;\n}\n<\/style>\n<div class='flex_column av-av_one_full-15d750bd1b332b34c6e70b077ebbccdf av_one_full  avia-builder-el-4  el_before_av_hr  avia-builder-el-first  first flex_column_div av-zero-column-padding '   ><section  class='av_textblock_section av-av_textblock-2de302bf1aa3cf4c9157dbe6f50ac7eb '  itemscope=\"itemscope\" itemtype=\"https:\/\/schema.org\/CreativeWork\" ><div class='avia_textblock '  itemprop=\"text\" ><h3 style=\"text-align: justify;\">Obnova<\/h3>\n<p style=\"text-align: justify;\">Specijalna plazma tehnologija \u0161to ju primjenjujemo osigurava prvorazrednu kvalitetu i dugi vijek trajanja. Dimenzijski raspon obnovivih pu\u017enica: promjer 30-300 mm, duljina do 5000 mm.<\/p>\n<h3 style=\"text-align: justify;\">Proizvodnja<\/h3>\n<p style=\"text-align: justify;\">Proizvodnja pu\u017enica u nitridiranoj, kaljenoj ili oklopnoj kvaliteti. Novo rje\u0161enje nitridacije osigurava dulji \u017eivotni vijek:<\/p>\n<ul>\n<li>debljina sloja 07 &#8211; 09 mm<\/li>\n<li>povr\u0161inska \u010dvrsto\u0107a 1100 &#8211; 1200 HV<\/li>\n<\/ul>\n<p style=\"text-align: justify;\">Pu\u017enice se proizvode od specijalnog \u010delika. U slu\u010daju visokoga sadr\u017eaja agregatnog materijala (stakleno vlakno i drugi mineralni materijali) te obrade regranuliranih polimera postoji mogu\u0107nost oklopljenja bridnih traka. Max. dimenzije: promjer 300 mm, duljina 5000 mm.<\/p>\n<\/div><\/section><\/div>\n<style type=\"text\/css\" data-created_by=\"avia_inline_auto\" id=\"style-css-av-av_hr-1deae294de86921cadf9622fb2da0879\">\n#top .hr.hr-invisible.av-av_hr-1deae294de86921cadf9622fb2da0879{\nheight:25px;\n}\n<\/style>\n<div  class='hr av-av_hr-1deae294de86921cadf9622fb2da0879 hr-invisible  avia-builder-el-6  el_after_av_one_full  el_before_av_one_half  '><span class='hr-inner '><span class=\"hr-inner-style\"><\/span><\/span><\/div>\n\n<style type=\"text\/css\" data-created_by=\"avia_inline_auto\" id=\"style-css-av-av_one_half-15d750bd1b332b34c6e70b077ebbccdf\">\n.flex_column.av-av_one_half-15d750bd1b332b34c6e70b077ebbccdf{\nborder-radius:0px 0px 0px 0px;\n-webkit-border-radius:0px 0px 0px 0px;\n-moz-border-radius:0px 0px 0px 0px;\n}\n<\/style>\n<div class='flex_column av-av_one_half-15d750bd1b332b34c6e70b077ebbccdf av_one_half  avia-builder-el-7  el_after_av_hr  el_before_av_one_half  first flex_column_div av-zero-column-padding '   ><section  class='av_textblock_section av-av_textblock-2de302bf1aa3cf4c9157dbe6f50ac7eb '  itemscope=\"itemscope\" itemtype=\"https:\/\/schema.org\/CreativeWork\" ><div class='avia_textblock '  itemprop=\"text\" ><h3 style=\"text-align: justify;\">Vr\u0161ci pu\u017eni\u010da<\/h3>\n<p>U dimenzijama i izvedbi u skladu s Va\u0161im potrebama. Novorazvijeni vr\u0161ci pu\u017enica.<\/p>\n<ul>\n<li>oklopljeni nokti<\/li>\n<li>kaljeni zatvorni prstenovi<\/li>\n<li>dugi vijek trajanja<\/li>\n<li>siguran rad<\/li>\n<\/ul>\n<\/div><\/section><\/div>\n<style type=\"text\/css\" data-created_by=\"avia_inline_auto\" id=\"style-css-av-av_one_half-c8fc129dc35fd1ae2a1e410224d39ea8\">\n.flex_column.av-av_one_half-c8fc129dc35fd1ae2a1e410224d39ea8{\nborder-radius:0px 0px 0px 0px;\n-webkit-border-radius:0px 0px 0px 0px;\n-moz-border-radius:0px 0px 0px 0px;\n}\n<\/style>\n<div class='flex_column av-av_one_half-c8fc129dc35fd1ae2a1e410224d39ea8 av_one_half  avia-builder-el-9  el_after_av_one_half  avia-builder-el-last  flex_column_div av-zero-column-padding '   ><section  class='av_textblock_section av-av_textblock-2de302bf1aa3cf4c9157dbe6f50ac7eb '  itemscope=\"itemscope\" itemtype=\"https:\/\/schema.org\/CreativeWork\" ><div class='avia_textblock '  itemprop=\"text\" ><h3 style=\"text-align: justify;\">Elementi mijesanja<\/h3>\n<p style=\"text-align: justify;\">Prednosti stati\u010dnih elemenata mije\u0161anja razvijenih u skladu s pove\u0107anim tehni\u010dkim potrebama s ciljem tro\u0161kovne u\u010dinkovitosti:<\/p>\n<ul>\n<li style=\"text-align: justify;\">pove\u0107ava se homogenost odlijeva i pokrivenost bojom<\/li>\n<li style=\"text-align: justify;\">smanjuje se uporaba master mje\u0161avine<\/li>\n<li style=\"text-align: justify;\">ravnomjernija raspodjela topline u odlijevu<\/li>\n<li style=\"text-align: justify;\">ne sadr\u017ei pokretne elemente<\/li>\n<li style=\"text-align: justify;\">lako se \u010disti<\/li>\n<\/ul>\n<\/div><\/section><\/div>\n\n<\/div><\/div><\/div><!-- close content main div --><\/div><\/div>\n<style type=\"text\/css\" data-created_by=\"avia_inline_auto\" id=\"style-css-av-av_section-3d83b1c44b21cba8516b4b04801093be\">\n.avia-section.av-av_section-3d83b1c44b21cba8516b4b04801093be{\nbackground-color:#0193de;\n}\n<\/style>\n<div id='av_section_3'  class='avia-section av-av_section-3d83b1c44b21cba8516b4b04801093be main_color avia-section-no-padding avia-no-shadow  avia-builder-el-11  el_after_av_section  el_before_av_google_map  avia-bg-style-scroll  av-minimum-height av-minimum-height-custom  container_wrap sidebar_right'  ><div class='container av-section-cont-open' style='height:5px'><div class='template-page content  av-content-small alpha units'><div class='post-entry post-entry-type-page post-entry-1864'><div class='entry-content-wrapper clearfix'>\n<div  class='av_gmaps_sc_main_wrap av_gmaps_main_wrap '><div id='av_gmap_0' class='avia-google-map-container avia-google-map-sc av_gmaps_show_unconditionally av-no-fallback-img ' data-mapid='av_gmap_0'  style='height: 500px;'><a class=\"av_gmaps_browser_disabled av_text_confirm_link av_text_confirm_link_visible\" href=\"https:\/\/www.google.com\/maps\/search\/?api=1&#038;query=Kishegyesi%20\u00fat%20263.%20%20Debrecen%20%20Magyarorsz\u00e1g\" target=\"_blank\" rel=\"noopener\">Maps were disabled by the visitor on this site. Click to open the map in a new window.<\/a><\/div><\/div>\n","protected":false},"excerpt":{"rendered":"","protected":false},"author":1,"featured_media":0,"parent":1381,"menu_order":0,"comment_status":"closed","ping_status":"closed","template":"","meta":[],"_links":{"self":[{"href":"https:\/\/storker.hu\/hrvatski\/wp-json\/wp\/v2\/pages\/1864"}],"collection":[{"href":"https:\/\/storker.hu\/hrvatski\/wp-json\/wp\/v2\/pages"}],"about":[{"href":"https:\/\/storker.hu\/hrvatski\/wp-json\/wp\/v2\/types\/page"}],"author":[{"embeddable":true,"href":"https:\/\/storker.hu\/hrvatski\/wp-json\/wp\/v2\/users\/1"}],"replies":[{"embeddable":true,"href":"https:\/\/storker.hu\/hrvatski\/wp-json\/wp\/v2\/comments?post=1864"}],"version-history":[{"count":16,"href":"https:\/\/storker.hu\/hrvatski\/wp-json\/wp\/v2\/pages\/1864\/revisions"}],"predecessor-version":[{"id":1995,"href":"https:\/\/storker.hu\/hrvatski\/wp-json\/wp\/v2\/pages\/1864\/revisions\/1995"}],"up":[{"embeddable":true,"href":"https:\/\/storker.hu\/hrvatski\/wp-json\/wp\/v2\/pages\/1381"}],"wp:attachment":[{"href":"https:\/\/storker.hu\/hrvatski\/wp-json\/wp\/v2\/media?parent=1864"}],"curies":[{"name":"wp","href":"https:\/\/api.w.org\/{rel}","templated":true}]}}