{"id":1236,"date":"2017-12-04T15:20:29","date_gmt":"2017-12-04T13:20:29","guid":{"rendered":"http:\/\/storker.hu\/hrvatski\/?post_type=product&#038;p=1236"},"modified":"2021-02-11T14:18:34","modified_gmt":"2021-02-11T12:18:34","slug":"food-line","status":"publish","type":"product","link":"https:\/\/storker.hu\/hrvatski\/product\/food-line\/","title":{"rendered":"Food-Line"},"content":{"rendered":"\n<style type=\"text\/css\" data-created_by=\"avia_inline_auto\" id=\"style-css-av-av_one_full-15d750bd1b332b34c6e70b077ebbccdf\">\n.flex_column.av-av_one_full-15d750bd1b332b34c6e70b077ebbccdf{\nborder-radius:0px 0px 0px 0px;\n-webkit-border-radius:0px 0px 0px 0px;\n-moz-border-radius:0px 0px 0px 0px;\n}\n<\/style>\n<div class='flex_column av-av_one_full-15d750bd1b332b34c6e70b077ebbccdf av_one_full  avia-builder-el-0  el_before_av_one_full  avia-builder-el-first  first flex_column_div av-zero-column-padding '   ><p>\n<style type=\"text\/css\" data-created_by=\"avia_inline_auto\" id=\"style-css-av-av_image-e3c19c6e6daef2ba702e074d7091f5bf\">\n.avia-image-container.av-av_image-e3c19c6e6daef2ba702e074d7091f5bf .av-image-caption-overlay-center{\ncolor:#ffffff;\n}\n<\/style>\n<div  class='avia-image-container av-av_image-e3c19c6e6daef2ba702e074d7091f5bf av-styling- avia-align-center  avia-builder-el-1  el_before_av_textblock  avia-builder-el-first  '  itemprop=\"image\" itemscope=\"itemscope\" itemtype=\"https:\/\/schema.org\/ImageObject\" ><div class=\"avia-image-container-inner\"><div class=\"avia-image-overlay-wrap\"><img class='wp-image-1239 avia-img-lazy-loading-not-1239 avia_image' src=\"https:\/\/storker.hu\/hrvatski\/wp-content\/uploads\/foodline.jpg\" alt='Stork IMM' title=''  height=\"720\" width=\"1280\"  itemprop=\"thumbnailUrl\" srcset=\"https:\/\/storker.hu\/hrvatski\/wp-content\/uploads\/foodline.jpg 1280w, https:\/\/storker.hu\/hrvatski\/wp-content\/uploads\/foodline-600x338.jpg 600w, https:\/\/storker.hu\/hrvatski\/wp-content\/uploads\/foodline-300x169.jpg 300w, https:\/\/storker.hu\/hrvatski\/wp-content\/uploads\/foodline-768x432.jpg 768w, https:\/\/storker.hu\/hrvatski\/wp-content\/uploads\/foodline-1030x579.jpg 1030w, https:\/\/storker.hu\/hrvatski\/wp-content\/uploads\/foodline-705x397.jpg 705w\" sizes=\"(max-width: 1280px) 100vw, 1280px\" \/><\/div><\/div><\/div><br \/>\n<section  class='av_textblock_section av-av_textblock-2de302bf1aa3cf4c9157dbe6f50ac7eb '  itemscope=\"itemscope\" itemtype=\"https:\/\/schema.org\/CreativeWork\" ><div class='avia_textblock '  itemprop=\"text\" ><h3>FOOD-LINE: <strong>Stork Food-Line zastupa vrhunsku kvalitetu na polju proizvodnje strojeva za lijev brizganjem kori\u0161tenih za proizvodnju prehrambenih pakiranja tankih stijenki.<\/strong><\/h3>\n<p style=\"text-align: justify;\">Pri proizvodnji ambala\u017ea kori\u0161tenih u prehrambenoj industriji potrebna je maksimalna higijena. Podmazivanje Stork Food-Linea mogu\u0107e je uljima i mazivima prehrambene-industrijske kvalitete. Stork primjenjuje veoma krute pre\u0161ne stolove koji i uz minimalnu stisnu silu omogu\u0107uju simetri\u010dno punjenje. Stork nudi \u0161iroki izbor pogonskih sustava, na taj na\u010din osiguravamo Vam uvijek najbr\u017ee i najekonomi\u010dnije strojeve.<\/p>\n<p style=\"text-align: justify;\">Za proizvodnju prehrambeno-industrijskih pakiranja veoma tankih stijenki potrebna je velika brzina brizganja. Stork Food-Line je uz veliku brzinu lijeva brizganjem sposoban obaviti to\u010dno prekap\u010danje na tlak dr\u017eanja. Stork se bavi i prodajom u potpunosti elektri\u010dnih strojeva. Storkovi elektri\u010dni pogoni koriste robusni pogon na zup\u010danu ljetvu pomo\u0107u koje se posti\u017ee naro\u010dito visoki broj okretaja. Pogon zup\u010danom ljetvom dokazano je najpouzdaniji tip. Strojevi lijeva brizganjem \u010desto su u sklopu ve\u0107e proizvodne jedinice. Stork u suradnji s najpouzdanijim dobavlja\u010dima nudu svojim kupcima rje\u0161enje ,,klju\u010d u ruke&#8221; i u tim slu\u010dajevima.<\/p>\n<\/div><\/section><br \/>\n\n<style type=\"text\/css\" data-created_by=\"avia_inline_auto\" id=\"style-css-av-av_promobox-0f6aa7a4282225a94c7d07cd54b79468\">\n.av_promobox.av-av_promobox-0f6aa7a4282225a94c7d07cd54b79468{\ncolor:#686868;\nbackground:#c5e0f0;\n}\n<\/style>\n<div  class='av_promobox av-av_promobox-0f6aa7a4282225a94c7d07cd54b79468 avia-button-yes  avia-builder-el-3  el_after_av_textblock  avia-builder-el-last  '><div class='avia-promocontent'><p>\nZa vi\u0161e informacija posjetite ovu web stranicu:<\/p>\n<\/div><div  class='avia-button-wrap avia-button-right ' >\n<style type=\"text\/css\" data-created_by=\"avia_inline_auto\" id=\"style-css-av-av_button-03a0e2398dff3b5aed1bccf163f399c9\">\n#top #wrap_all .avia-button.av-av_button-03a0e2398dff3b5aed1bccf163f399c9{\nbackground-color:#0093dd;\nborder-color:#0093dd;\ncolor:#ffffff;\ntransition:all 0.4s ease-in-out;\n-webkit-transition:all 0.4s ease-in-out;\n-moz-transition:all 0.4s ease-in-out;\n-ms-transition:all 0.4s ease-in-out;\n-o-transition:all 0.4s ease-in-out;\n}\n<\/style>\n<a href='https:\/\/storkimm.com\/'  class='avia-button av-av_button-03a0e2398dff3b5aed1bccf163f399c9 avia-icon_select-yes-left-icon avia-size-large avia-position-right ' ><span class='avia_button_icon avia_button_icon_left' aria-hidden='true' data-av_icon='\ue889' data-av_iconfont='entypo-fontello'><\/span><span class='avia_iconbox_title' >Kliknite ovdje!<\/span><\/a><\/div><\/div><\/p><\/div>\n<style type=\"text\/css\" data-created_by=\"avia_inline_auto\" id=\"style-css-av-av_one_full-826c1c0ca2001783299b013bb6b50dff\">\n.flex_column.av-av_one_full-826c1c0ca2001783299b013bb6b50dff{\nborder-radius:0px 0px 0px 0px;\n-webkit-border-radius:0px 0px 0px 0px;\n-moz-border-radius:0px 0px 0px 0px;\n}\n<\/style>\n<div class='flex_column av-av_one_full-826c1c0ca2001783299b013bb6b50dff av_one_full  avia-builder-el-4  el_after_av_one_full  el_before_av_one_full  first flex_column_div av-zero-column-padding column-top-margin'   ><section  class='av_textblock_section av-av_textblock-2de302bf1aa3cf4c9157dbe6f50ac7eb '  itemscope=\"itemscope\" itemtype=\"https:\/\/schema.org\/CreativeWork\" ><div class='avia_textblock '  itemprop=\"text\" ><h3>Jedinica za hvatanje alata<\/h3>\n<h4 style=\"padding-bottom: 20px;\"><em>Brzo i glatko<\/em><\/h4>\n<ul>\n<li>Robusni zglobni sustav na pet to\u010dki omogu\u0107uje najbr\u017eu i najglatkiju mogu\u0107u kretnju<\/li>\n<li>O to\u010dnom upravljanju lijeva brine se poja\u010dana linearna tra\u010dni\u010dka vodilica<\/li>\n<li>U slu\u010daju lML-a mo\u017ee se tra\u017eiti i inicijalni takt<\/li>\n<li>Veoma kruti pre\u0161ni stolovi i uz minimalnu silu pre\u0161anja omogu\u0107uju simetri\u010dno punjenje<\/li>\n<li>Veoma brza i to\u010dna sredstva sigurnosti lijeva daju za\u0161titu vrijednim odlijevima<\/li>\n<li>Progresivno podmazivanje s funkcijom aktivnoga nadzora jam\u010di prvorazrednu pouzdanost i dugi vijek trajanja<\/li>\n<li>Mogu\u0107nost uporabe i mazivom kvalitete prehrambene industrije<\/li>\n<li>Mjerenje stisne sile koju obavlja povezna \u0161ipka pove\u0107ava kvalitetu postupka<\/li>\n<\/ul>\n<\/div><\/section><\/div><\/p>\n\n<style type=\"text\/css\" data-created_by=\"avia_inline_auto\" id=\"style-css-av-av_one_full-15d750bd1b332b34c6e70b077ebbccdf\">\n.flex_column.av-av_one_full-15d750bd1b332b34c6e70b077ebbccdf{\nborder-radius:0px 0px 0px 0px;\n-webkit-border-radius:0px 0px 0px 0px;\n-moz-border-radius:0px 0px 0px 0px;\n}\n<\/style>\n<div class='flex_column av-av_one_full-15d750bd1b332b34c6e70b077ebbccdf av_one_full  avia-builder-el-6  el_after_av_one_full  el_before_av_one_full  first flex_column_div av-zero-column-padding column-top-margin'   ><section  class='av_textblock_section av-av_textblock-2de302bf1aa3cf4c9157dbe6f50ac7eb '  itemscope=\"itemscope\" itemtype=\"https:\/\/schema.org\/CreativeWork\" ><div class='avia_textblock '  itemprop=\"text\" ><h3>Pogoni<\/h3>\n<h4 style=\"padding-bottom: 20px;\"><em>To\u010dnost i \u0160tednja<\/em><\/h4>\n<ul>\n<li style=\"text-align: justify;\">Zahvaljuju\u0107i paralelnom radu svih funkcija posti\u017ee se najkra\u0107e mogu\u0107e ciklusno vrijeme<\/li>\n<li style=\"text-align: justify;\">Hibridni akumulatorski pogon omogu\u0107uje veliku brzinu i naro\u010dito brzo vrijeme odgovora<\/li>\n<li style=\"text-align: justify;\">Storkova energetski optimalizirana i upravljana pumpa s podesivim volumenskim protokom sastavni je dio osnovne izvedbe<\/li>\n<li style=\"text-align: justify;\">Visokotla\u010dno filtriranje ugradivo u proizvodnu liniju \u010dini pouzdanijim proizvodni proces<\/li>\n<li style=\"text-align: justify;\">Glavni motor s upravljanom frekvencijom rezultira manju potro\u0161nju energije<\/li>\n<li style=\"text-align: justify;\">Elektri\u010dna jedinica za pri\u010dvr\u0161\u0107enje alata robusnim pogonom na zup\u010danu ljetvu i regenerativnom jedinicom jam\u010di najkra\u0107e mogu\u0107e ciklusno vrijeme i nisko kori\u0161tenje energije<\/li>\n<li>Elektroni\u010dki pode\u0161en brizgani lijev izrazito za proizvode tankih stijenki<\/li>\n<\/ul>\n<\/div><\/section><\/div>\n\n<style type=\"text\/css\" data-created_by=\"avia_inline_auto\" id=\"style-css-av-av_one_full-15d750bd1b332b34c6e70b077ebbccdf\">\n.flex_column.av-av_one_full-15d750bd1b332b34c6e70b077ebbccdf{\nborder-radius:0px 0px 0px 0px;\n-webkit-border-radius:0px 0px 0px 0px;\n-moz-border-radius:0px 0px 0px 0px;\n}\n<\/style>\n<div class='flex_column av-av_one_full-15d750bd1b332b34c6e70b077ebbccdf av_one_full  avia-builder-el-8  el_after_av_one_full  el_before_av_one_full  first flex_column_div av-zero-column-padding column-top-margin'   ><section  class='av_textblock_section av-av_textblock-2de302bf1aa3cf4c9157dbe6f50ac7eb '  itemscope=\"itemscope\" itemtype=\"https:\/\/schema.org\/CreativeWork\" ><div class='avia_textblock '  itemprop=\"text\" ><h3>SC1301 Smart Touch<\/h3>\n<h4 style=\"padding-bottom: 20px;\"><em>Inteligentan i lak za uporabu<\/em><\/h4>\n<ul>\n<li style=\"text-align: justify;\">Na 19&#8243;-nom IPC zaslonu sve potrebne informacije pojavljuju se jednozna\u010dno i sustavno poslo\u017eene<\/li>\n<li style=\"text-align: justify;\">Storkov vlastito razvijeni softver omogu\u0107uje sveobuhvatnu regulaciju procesa i visoku optimalizaciju<\/li>\n<li style=\"text-align: justify;\">Po\u0161to poduze\u0107e raspola\u017ee vlastitim odjelom za razvoj softvera, a\u017euriranja brzo sti\u017eu do korisnika<\/li>\n<li style=\"text-align: justify;\">Dokazano lako uporabiva koncepcija<\/li>\n<li style=\"text-align: justify;\">Slobodno i jednostavno programiranje izvla\u010denja jezgre i sekvencije zra\u010dnoga ventila<\/li>\n<li style=\"text-align: justify;\">Integrirani toplinskokanalni stroj za lijev brizganjem snabdjeven grafi\u010dkim zaslonom i opcionalnom provjerom ja\u010dine struje, funkcijama ja\u010danja i pra\u0107enja pove\u0107ava kvalitetu procesa i pojednostavljuje rad stroja<\/li>\n<li style=\"text-align: justify;\">Zahvaljuju\u0107i daljinskom servisu uz pomo\u0107 Stork help deska brzo mo\u017eete intervenirati u procese<\/li>\n<li>ECO stranica omogu\u0107uje optimaliziranje procesa iz aspekta \u0161tednje energije<\/li>\n<\/ul>\n<\/div><\/section><\/div>\n\n<style type=\"text\/css\" data-created_by=\"avia_inline_auto\" id=\"style-css-av-av_one_full-15d750bd1b332b34c6e70b077ebbccdf\">\n.flex_column.av-av_one_full-15d750bd1b332b34c6e70b077ebbccdf{\nborder-radius:0px 0px 0px 0px;\n-webkit-border-radius:0px 0px 0px 0px;\n-moz-border-radius:0px 0px 0px 0px;\n}\n<\/style>\n<div class='flex_column av-av_one_full-15d750bd1b332b34c6e70b077ebbccdf av_one_full  avia-builder-el-10  el_after_av_one_full  avia-builder-el-last  first flex_column_div av-zero-column-padding column-top-margin'   ><section  class='av_textblock_section av-av_textblock-2de302bf1aa3cf4c9157dbe6f50ac7eb '  itemscope=\"itemscope\" itemtype=\"https:\/\/schema.org\/CreativeWork\" ><div class='avia_textblock '  itemprop=\"text\" ><h3>Jedinica lijevanja brizganjem<\/h3>\n<h4 style=\"padding-bottom: 20px;\"><em>Visoki u\u010dinak, homogena otopina<\/em><\/h4>\n<ul>\n<li style=\"text-align: justify;\">Specijalne pu\u017enice mje\u0161alice omjera duljina\/promjer \u010dak do 27 osiguravaju najbolji mogu\u0107i kapacitet, nadalje birnu se i o optimalno] raspodjeli master mje\u0161avine<\/li>\n<li style=\"text-align: justify;\">U slu\u010daju lijeva predmeta tankih stijenki bitan je proces lijeva brizganjem i prekap\u010danje<\/li>\n<li style=\"text-align: justify;\">Masivna zatvorna brizgalica s rupom smanjiva pad tlaka<\/li>\n<li style=\"text-align: justify;\">Za razli\u010dita polja primjene dostupna su 2K rje\u0161enja u razli\u010ditim pode\u0161enjima<\/li>\n<li style=\"text-align: justify;\">Visoka tangencijalna brzina omogu\u0107uje kratko vrijeme plasticiranja i veoma dobar kapacitet<\/li>\n<\/ul>\n<\/div><\/section><\/div>\n","protected":false},"excerpt":{"rendered":"","protected":false},"featured_media":1239,"template":"","meta":[],"product_cat":[73,71],"product_tag":[],"_links":{"self":[{"href":"https:\/\/storker.hu\/hrvatski\/wp-json\/wp\/v2\/product\/1236"}],"collection":[{"href":"https:\/\/storker.hu\/hrvatski\/wp-json\/wp\/v2\/product"}],"about":[{"href":"https:\/\/storker.hu\/hrvatski\/wp-json\/wp\/v2\/types\/product"}],"wp:featuredmedia":[{"embeddable":true,"href":"https:\/\/storker.hu\/hrvatski\/wp-json\/wp\/v2\/media\/1239"}],"wp:attachment":[{"href":"https:\/\/storker.hu\/hrvatski\/wp-json\/wp\/v2\/media?parent=1236"}],"wp:term":[{"taxonomy":"product_cat","embeddable":true,"href":"https:\/\/storker.hu\/hrvatski\/wp-json\/wp\/v2\/product_cat?post=1236"},{"taxonomy":"product_tag","embeddable":true,"href":"https:\/\/storker.hu\/hrvatski\/wp-json\/wp\/v2\/product_tag?post=1236"}],"curies":[{"name":"wp","href":"https:\/\/api.w.org\/{rel}","templated":true}]}}