{"id":853,"date":"2017-10-19T13:27:56","date_gmt":"2017-10-19T11:27:56","guid":{"rendered":"http:\/\/storker.hu\/hrvatski\/?post_type=product&#038;p=853"},"modified":"2021-12-07T18:53:24","modified_gmt":"2021-12-07T16:53:24","slug":"boy-25e-vv","status":"publish","type":"product","link":"https:\/\/storker.hu\/hrvatski\/product\/boy-25e-vv\/","title":{"rendered":"BOY 25 E VV"},"content":{"rendered":"\n<style type=\"text\/css\" data-created_by=\"avia_inline_auto\" id=\"style-css-av-12oldh-f2e0a06dc8c6f142974654bc82e619f6\">\n.flex_column.av-12oldh-f2e0a06dc8c6f142974654bc82e619f6{\nborder-radius:0px 0px 0px 0px;\n-webkit-border-radius:0px 0px 0px 0px;\n-moz-border-radius:0px 0px 0px 0px;\n}\n<\/style>\n<div class='flex_column av-12oldh-f2e0a06dc8c6f142974654bc82e619f6 av_one_full  avia-builder-el-0  el_before_av_one_full  avia-builder-el-first  first flex_column_div av-zero-column-padding '   ><style type=\"text\/css\" data-created_by=\"avia_inline_auto\" id=\"style-css-av-wih8d-69895fb9da55e44edb86e7984b0e344a\">\n.avia-image-container.av-wih8d-69895fb9da55e44edb86e7984b0e344a .av-image-caption-overlay-center{\ncolor:#ffffff;\n}\n<\/style>\n<div  class='avia-image-container av-wih8d-69895fb9da55e44edb86e7984b0e344a av-styling- avia-align-center  avia-builder-el-1  avia-builder-el-no-sibling  '  itemprop=\"image\" itemscope=\"itemscope\" itemtype=\"https:\/\/schema.org\/ImageObject\" ><div class=\"avia-image-container-inner\"><div class=\"avia-image-overlay-wrap\"><img class='wp-image-854 avia-img-lazy-loading-not-854 avia_image' src=\"https:\/\/storker.hu\/hrvatski\/wp-content\/uploads\/25eVV.gif\" alt='Boy 25 E VV, BOY strojevi za kalupljenje' title=''  height=\"540\" width=\"960\"  itemprop=\"thumbnailUrl\"  \/><\/div><\/div><\/div><\/div>\n\n<style type=\"text\/css\" data-created_by=\"avia_inline_auto\" id=\"style-css-av-svdbp-a1a65e35a2c7255d6f5a44d8936228b0\">\n.flex_column.av-svdbp-a1a65e35a2c7255d6f5a44d8936228b0{\nborder-radius:0px 0px 0px 0px;\n-webkit-border-radius:0px 0px 0px 0px;\n-moz-border-radius:0px 0px 0px 0px;\n}\n<\/style>\n<div class='flex_column av-svdbp-a1a65e35a2c7255d6f5a44d8936228b0 av_one_full  avia-builder-el-2  el_after_av_one_full  el_before_av_promobox  first flex_column_div av-zero-column-padding column-top-margin'   ><section  class='av_textblock_section av-np07x-1a9ecad9261542860e3398235b3c3aad '  itemscope=\"itemscope\" itemtype=\"https:\/\/schema.org\/CreativeWork\" ><div class='avia_textblock '  itemprop=\"text\" ><h3 style=\"padding-bottom: 30px; text-align: justify;\">BOY 25 E VV<\/h3>\n<p style=\"text-align: justify;\">With a clamping force of 250 kN, the BOY 25 E VV insert moulding machine fills the gap between the BOY XS V (100kN) and the BOY 35 E VV (350kN). The BOY 55 E VV completes the BOY insert moulding machine series.<\/p>\n<p>This reliable BOY machine series has proven itself for over 35 years in thousands of applications worldwide. The advantage of BOY insert moulding machines is in its basic design of a two platen clamping unit with a fixed lower platen.<\/p>\n<p>The BOY 25 E VV, the successor to the very successful BOY 22 A VV, has clearly been improved in terms of efficiency, clamping force, quietness, and accessibility. In addition, the footprint has been reduced by nearly 11%.<\/p>\n<p>Users appreciate in addition the good working ergonomics; suitable working heights result in a small distance to the mould space.<\/p>\n<p><strong>Up-to-date Hydraulics<\/strong><\/p>\n<p>The hydraulic pump on the BOY 25 E VV compared with the previous model provides an increase in delivery volume as well as faster and more dynamic travel speeds. Flow and friction resistance are reduced considerably by the hydraulic system of the clamping unit. As a result, the cycle time according to EUROMAP 6 is decreased to about one second.<\/p>\n<h4 style=\"padding-bottom: 20px;\">Technical data<\/h4>\n<p><strong>Euromap Size:<\/strong><br \/>\n250-11 \/ 250-16 \/ 250-39 \/ 250-56 \/ 250-69 \/ 250-82<br \/>\n<strong>Screw Diameter:<\/strong><br \/>\n12, 14, 18, 22, 24, 28, 32 mm<br \/>\n<strong>Max. Stroke Volume:<\/strong><br \/>\n76.5 cm\u00b3 (theoretical)<br \/>\n<strong>Max. Injection Flow:<\/strong><br \/>\n111.2 g\/s (theoretical)<br \/>\n<strong>Max. Spec. Injection Pressure:<\/strong><br \/>\n2739 bar<br \/>\n<strong>Max. Daylight Between Platen:<\/strong><br \/>\n400 mm<br \/>\n<strong>Max. Opening Stroke:<\/strong><br \/>\n200 mm<br \/>\n<strong>Distance Between Tie Bars:<\/strong><br \/>\n254 mm<\/p>\n<\/div><\/section><\/div>\n<style type=\"text\/css\" data-created_by=\"avia_inline_auto\" id=\"style-css-av-fy7yd-db1f328e437009b5ed794b634f4cb05f\">\n.av_promobox.av-fy7yd-db1f328e437009b5ed794b634f4cb05f{\ncolor:#686868;\nbackground:#c5e0f0;\n}\n<\/style>\n<div  class='av_promobox av-fy7yd-db1f328e437009b5ed794b634f4cb05f avia-button-yes  avia-builder-el-4  el_after_av_one_full  el_before_av_product_upsells  '><div class='avia-promocontent'><p>\nFor more information please visit this website:<\/p>\n<\/div><div  class='avia-button-wrap avia-button-right ' >\n<style type=\"text\/css\" data-created_by=\"avia_inline_auto\" id=\"style-css-av-fy7yd-a68c789e8cbe3c059d298a401b828816\">\n#top #wrap_all .avia-button.av-fy7yd-a68c789e8cbe3c059d298a401b828816{\nbackground-color:#0093dd;\nborder-color:#0093dd;\ncolor:#ffffff;\ntransition:all 0.4s ease-in-out;\n-webkit-transition:all 0.4s ease-in-out;\n-moz-transition:all 0.4s ease-in-out;\n-ms-transition:all 0.4s ease-in-out;\n-o-transition:all 0.4s ease-in-out;\n}\n<\/style>\n<a href='https:\/\/dr-boy.de\/startseite\/'  class='avia-button av-fy7yd-a68c789e8cbe3c059d298a401b828816 avia-icon_select-yes-left-icon avia-size-large avia-position-right ' ><span class='avia_button_icon avia_button_icon_left' aria-hidden='true' data-av_icon='\ue889' data-av_iconfont='entypo-fontello'><\/span><span class='avia_iconbox_title' >Click here!<\/span><\/a><\/div><\/div><\/p>\n<div  class='av-woo-product-related-upsells  avia-builder-el-5  el_after_av_promobox  avia-builder-el-last '><div class='product_column product_column_3'>\n\t<section class=\"related products\">\n\n\t\t\t\t\t<h2>Related products<\/h2>\n\t\t\t\t\n\t\t<ul class=\"products columns-3\">\n\n\t\t\t\n\t\t\t\t\t<li class=\"product type-product post-2028 status-publish first instock product_cat-boy-injection-moulding-machines has-post-thumbnail virtual product-type-simple\">\n\t<div class='inner_product main_color wrapped_style noLightbox  av-product-class-minimal'><div class='thumbnail_container'><img width=\"300\" height=\"300\" src=\"https:\/\/storker.hu\/hrvatski\/wp-content\/uploads\/boy-125e-960x540-300x300.jpg\" class=\"wp-image-2029 avia-img-lazy-loading-2029 attachment-shop_catalog size-shop_catalog wp-post-image\" alt=\"\" loading=\"lazy\" srcset=\"https:\/\/storker.hu\/hrvatski\/wp-content\/uploads\/boy-125e-960x540-300x300.jpg 300w, https:\/\/storker.hu\/hrvatski\/wp-content\/uploads\/boy-125e-960x540-100x100.jpg 100w, https:\/\/storker.hu\/hrvatski\/wp-content\/uploads\/boy-125e-960x540-80x80.jpg 80w, https:\/\/storker.hu\/hrvatski\/wp-content\/uploads\/boy-125e-960x540-36x36.jpg 36w, https:\/\/storker.hu\/hrvatski\/wp-content\/uploads\/boy-125e-960x540-180x180.jpg 180w\" sizes=\"(max-width: 300px) 100vw, 300px\" \/><span class='cart-loading'><\/span><\/div><div class='inner_product_header'><div class='avia-arrow'><\/div><div class='inner_product_header_table'><div class='inner_product_header_cell'><\/div><\/div><\/div><\/div><\/li>\n\n\t\t\t\n\t\t\t\t\t<li class=\"product type-product post-2024 status-publish instock product_cat-boy-injection-moulding-machines has-post-thumbnail virtual product-type-simple\">\n\t<div class='inner_product main_color wrapped_style noLightbox  av-product-class-minimal'><div class='thumbnail_container'><img width=\"300\" height=\"300\" src=\"https:\/\/storker.hu\/hrvatski\/wp-content\/uploads\/35e-300x300.jpg\" class=\"wp-image-856 avia-img-lazy-loading-856 attachment-shop_catalog size-shop_catalog wp-post-image\" alt=\"Boy 35 e, BOY strojevi za kalupljenje\" loading=\"lazy\" srcset=\"https:\/\/storker.hu\/hrvatski\/wp-content\/uploads\/35e-300x300.jpg 300w, https:\/\/storker.hu\/hrvatski\/wp-content\/uploads\/35e-100x100.jpg 100w, https:\/\/storker.hu\/hrvatski\/wp-content\/uploads\/35e-80x80.jpg 80w, https:\/\/storker.hu\/hrvatski\/wp-content\/uploads\/35e-36x36.jpg 36w, https:\/\/storker.hu\/hrvatski\/wp-content\/uploads\/35e-180x180.jpg 180w\" sizes=\"(max-width: 300px) 100vw, 300px\" \/><span class='cart-loading'><\/span><\/div><div class='inner_product_header'><div class='avia-arrow'><\/div><div class='inner_product_header_table'><div class='inner_product_header_cell'><\/div><\/div><\/div><\/div><\/li>\n\n\t\t\t\n\t\t\t\t\t<li class=\"product type-product post-196 status-publish last instock product_cat-boy-injection-moulding-machines has-post-thumbnail virtual product-type-simple\">\n\t<div class='inner_product main_color wrapped_style noLightbox  av-product-class-minimal'><div class='thumbnail_container'><img width=\"300\" height=\"300\" src=\"https:\/\/storker.hu\/hrvatski\/wp-content\/uploads\/BOY_XS-300x300.jpg\" class=\"wp-image-197 avia-img-lazy-loading-197 attachment-shop_catalog size-shop_catalog wp-post-image\" alt=\"BOY XS, fr\u00f6ccs\u00f6nt\u0151 g\u00e9pek\" loading=\"lazy\" srcset=\"https:\/\/storker.hu\/hrvatski\/wp-content\/uploads\/BOY_XS-300x300.jpg 300w, https:\/\/storker.hu\/hrvatski\/wp-content\/uploads\/BOY_XS-100x100.jpg 100w, https:\/\/storker.hu\/hrvatski\/wp-content\/uploads\/BOY_XS-80x80.jpg 80w, https:\/\/storker.hu\/hrvatski\/wp-content\/uploads\/BOY_XS-36x36.jpg 36w, https:\/\/storker.hu\/hrvatski\/wp-content\/uploads\/BOY_XS-180x180.jpg 180w\" sizes=\"(max-width: 300px) 100vw, 300px\" \/><span class='cart-loading'><\/span><\/div><div class='inner_product_header'><div class='avia-arrow'><\/div><div class='inner_product_header_table'><div class='inner_product_header_cell'><\/div><\/div><\/div><\/div><\/li>\n\n\t\t\t\n\t\t<\/ul>\n\n\t<\/section>\n\t<\/div><\/div>\n","protected":false},"excerpt":{"rendered":"<p>Saj\u00e1t hidraulikus meghajt\u00e1ssal \u00e9s vez\u00e9rl\u00e9ssel rendelkezik. Kivitelez\u00e9st\u0151l f\u00fcgg\u0151en ez az egys\u00e9g 280.5 cm3 l\u00e1gy\u00edt\u00f3 t\u00e9rfogatot k\u00edn\u00e1l.<\/p>\n<p>A vez\u00e9rl\u0151egys\u00e9g az alapberendez\u00e9s mellett van pozicion\u00e1lva. A r\u00f6gz\u00edtett kerekek egyszer\u0171v\u00e9 teszik az egys\u00e9g mozgat\u00e1s\u00e1t egy m\u00e1sik BOY fr\u00f6ccs\u00f6nt\u0151 g\u00e9pre m\u00e1s sz\u00e1ll\u00edt\u00f3r\u00f3l, ami tartalmazza a m\u00e1sodik \u00f6sszetev\u0151t. Az applik\u00e1ci\u00f3t\u00f3l fiigg\u0151en, a m\u00e1sodik fr\u00f6ccs\u00f6nt\u0151 egys\u00e9g t\u00f6bbf\u00e9le poz\u00edci\u00f3ba is elrendezhet\u0151. Ez helytakar\u00e9kos, amennyiben a v\u00edzszintes g\u00e9pek fiigg\u0151leges helyzetbe ker\u00fclnek, valamint lehet\u0151v\u00e9 teszi az oldal\u00e1ra val\u00f3 szerel\u00e9st is. A nyitott cs\u0151v\u00e9g a m\u00e1sodik komponens fr\u00f6ccs\u00f6nt\u0151 egys\u00e9ghez csatlakozik a f\u00fav\u00f3ka megfelel\u0151en be\u00e1ll\u00edthat\u00f3 nagynyom\u00e1s\u00fa t\u00f6ml\u0151vezet\u00e9k\u00e9n kereszt\u00fcl. A m\u00e1sodik komponens TFT kijelz\u0151je egy hosszabb k\u00e1bellel is fel van szerelve. Enn\u00e9lfogva a monitort a felhaszn\u00e1l\u00f3 fel\u00e9 is el lehet rendezni az alapg\u00e9peken- k\u00f6zvetlen\u00fcl az alapg\u00e9p Procan ALPHA\u00ae monitora fel\u00e9.<\/p>\n<p>&nbsp;<\/p>\n<p><strong>M\u0171szaki adatok<\/strong><\/p>\n<p>Csiga\u00e1tm\u00e9r\u0151: 28, 32, 36, 38, 42, 48 mm<\/p>\n<p>Max. l\u00f6kett\u00e9rfogat: 280,5 cm3 (elm\u00e9leti)<\/p>\n<p>Max. fr\u00f6ccs\u00f6nt\u00e9si \u00e1raml\u00e1si sebess\u00e9g: 271,8 g\/s (elm\u00e9leti)<\/p>\n<p>Max. speci\u00e1lis fr\u00f6ccs\u00f6nt\u00e9si nyom\u00e1s: 2778 bar<\/p>\n","protected":false},"featured_media":854,"template":"","meta":[],"product_cat":[17],"product_tag":[],"_links":{"self":[{"href":"https:\/\/storker.hu\/hrvatski\/wp-json\/wp\/v2\/product\/853"}],"collection":[{"href":"https:\/\/storker.hu\/hrvatski\/wp-json\/wp\/v2\/product"}],"about":[{"href":"https:\/\/storker.hu\/hrvatski\/wp-json\/wp\/v2\/types\/product"}],"wp:featuredmedia":[{"embeddable":true,"href":"https:\/\/storker.hu\/hrvatski\/wp-json\/wp\/v2\/media\/854"}],"wp:attachment":[{"href":"https:\/\/storker.hu\/hrvatski\/wp-json\/wp\/v2\/media?parent=853"}],"wp:term":[{"taxonomy":"product_cat","embeddable":true,"href":"https:\/\/storker.hu\/hrvatski\/wp-json\/wp\/v2\/product_cat?post=853"},{"taxonomy":"product_tag","embeddable":true,"href":"https:\/\/storker.hu\/hrvatski\/wp-json\/wp\/v2\/product_tag?post=853"}],"curies":[{"name":"wp","href":"https:\/\/api.w.org\/{rel}","templated":true}]}}