{"id":865,"date":"2017-11-30T11:50:29","date_gmt":"2017-11-30T09:50:29","guid":{"rendered":"http:\/\/storker.hu\/hrvatski\/?post_type=product&#038;p=865"},"modified":"2021-02-11T14:27:13","modified_gmt":"2021-02-11T12:27:13","slug":"type-sl-42-control-unit","status":"publish","type":"product","link":"https:\/\/storker.hu\/hrvatski\/product\/type-sl-42-control-unit\/","title":{"rendered":"Type SL 42 control unit"},"content":{"rendered":"\n<style type=\"text\/css\" data-created_by=\"avia_inline_auto\" id=\"style-css-av-av_one_full-826c1c0ca2001783299b013bb6b50dff\">\n.flex_column.av-av_one_full-826c1c0ca2001783299b013bb6b50dff{\nborder-radius:0px 0px 0px 0px;\n-webkit-border-radius:0px 0px 0px 0px;\n-moz-border-radius:0px 0px 0px 0px;\n}\n<\/style>\n<div class='flex_column av-av_one_full-826c1c0ca2001783299b013bb6b50dff av_one_full  avia-builder-el-0  el_before_av_one_full  avia-builder-el-first  first flex_column_div av-zero-column-padding '   ><style type=\"text\/css\" data-created_by=\"avia_inline_auto\" id=\"style-css-av-av_image-9d8dc3be868a176b739aa943d9f3ed1f\">\n.avia-image-container.av-av_image-9d8dc3be868a176b739aa943d9f3ed1f .av-image-caption-overlay-center{\ncolor:#ffffff;\n}\n<\/style>\n<div  class='avia-image-container av-av_image-9d8dc3be868a176b739aa943d9f3ed1f av-styling- av-hover-grow avia-align-center  avia-builder-el-1  avia-builder-el-no-sibling  '  itemprop=\"image\" itemscope=\"itemscope\" itemtype=\"https:\/\/schema.org\/ImageObject\" ><div class=\"avia-image-container-inner\"><div class=\"avia-image-overlay-wrap\"><a href=\"https:\/\/storker.hu\/hrvatski\/wp-content\/uploads\/sl-42-control.jpg\" data-srcset=\"https:\/\/storker.hu\/hrvatski\/wp-content\/uploads\/sl-42-control.jpg 960w, https:\/\/storker.hu\/hrvatski\/wp-content\/uploads\/sl-42-control-600x338.jpg 600w, https:\/\/storker.hu\/hrvatski\/wp-content\/uploads\/sl-42-control-300x169.jpg 300w, https:\/\/storker.hu\/hrvatski\/wp-content\/uploads\/sl-42-control-768x432.jpg 768w, https:\/\/storker.hu\/hrvatski\/wp-content\/uploads\/sl-42-control-705x397.jpg 705w\" data-sizes=\"(max-width: 960px) 100vw, 960px\" class='avia_image' ><img width=\"960\" height=\"540\" class='wp-image-866 avia-img-lazy-loading-not-866 avia_image' src=\"https:\/\/storker.hu\/hrvatski\/wp-content\/uploads\/sl-42-control.jpg\" alt='Sl 42 vez\u00e9rl\u0151egys\u00e9g' title=''  itemprop=\"thumbnailUrl\" srcset=\"https:\/\/storker.hu\/hrvatski\/wp-content\/uploads\/sl-42-control.jpg 960w, https:\/\/storker.hu\/hrvatski\/wp-content\/uploads\/sl-42-control-600x338.jpg 600w, https:\/\/storker.hu\/hrvatski\/wp-content\/uploads\/sl-42-control-300x169.jpg 300w, https:\/\/storker.hu\/hrvatski\/wp-content\/uploads\/sl-42-control-768x432.jpg 768w, https:\/\/storker.hu\/hrvatski\/wp-content\/uploads\/sl-42-control-705x397.jpg 705w\" sizes=\"(max-width: 960px) 100vw, 960px\" \/><\/a><\/div><\/div><\/div><\/div>\n\n<style type=\"text\/css\" data-created_by=\"avia_inline_auto\" id=\"style-css-av-av_one_full-826c1c0ca2001783299b013bb6b50dff\">\n.flex_column.av-av_one_full-826c1c0ca2001783299b013bb6b50dff{\nborder-radius:0px 0px 0px 0px;\n-webkit-border-radius:0px 0px 0px 0px;\n-moz-border-radius:0px 0px 0px 0px;\n}\n<\/style>\n<div class='flex_column av-av_one_full-826c1c0ca2001783299b013bb6b50dff av_one_full  avia-builder-el-2  el_after_av_one_full  el_before_av_promobox  first flex_column_div av-zero-column-padding column-top-margin'   ><section  class='av_textblock_section av-av_textblock-2de302bf1aa3cf4c9157dbe6f50ac7eb '  itemscope=\"itemscope\" itemtype=\"https:\/\/schema.org\/CreativeWork\" ><div class='avia_textblock '  itemprop=\"text\" ><h3 style=\"text-align: justify;\">Type SL 42 control unit<\/h3>\n<p style=\"text-align: justify;\">KOCH control unit for 2 stations.<\/p>\n<p><strong>Key features:<\/strong><\/p>\n<ul>\n<li>Simple, user-friendly operation<\/li>\n<li>Clearly laid-out operating panel with keyboard and text display<\/li>\n<li>Memory for up to 100 recipes<\/li>\n<li>Optional RS 422 data interface<\/li>\n<\/ul>\n<p style=\"text-align: justify;\">You can enter the shot weight and the percentage values for the dosing directly via the operating panel. The device calculates the necessary dosing times automatically. A programme for &#8220;easy new start&#8221; makes the automatic filling of the mixer easier when there is a switch to a new material.<\/p>\n<\/div><\/section><\/div>\n\n<style type=\"text\/css\" data-created_by=\"avia_inline_auto\" id=\"style-css-av-av_promobox-4cb9ace5300e0a6b73ce921684e47143\">\n.av_promobox.av-av_promobox-4cb9ace5300e0a6b73ce921684e47143{\ncolor:#686868;\nbackground:#c5e0f0;\n}\n<\/style>\n<div  class='av_promobox av-av_promobox-4cb9ace5300e0a6b73ce921684e47143 avia-button-yes  avia-builder-el-4  el_after_av_one_full  el_before_av_product_upsells  '><div class='avia-promocontent'><p>\nFor more information please visit this website:<\/p>\n<\/div><div  class='avia-button-wrap avia-button-right ' >\n<style type=\"text\/css\" data-created_by=\"avia_inline_auto\" id=\"style-css-av-av_button-b53164bdf2289e6dc89cd37d04f04b07\">\n#top #wrap_all .avia-button.av-av_button-b53164bdf2289e6dc89cd37d04f04b07{\nbackground-color:#0093dd;\nborder-color:#0093dd;\ncolor:#ffffff;\ntransition:all 0.4s ease-in-out;\n-webkit-transition:all 0.4s ease-in-out;\n-moz-transition:all 0.4s ease-in-out;\n-ms-transition:all 0.4s ease-in-out;\n-o-transition:all 0.4s ease-in-out;\n}\n<\/style>\n<a href='https:\/\/koch-technik.com\/national\/'  class='avia-button av-av_button-b53164bdf2289e6dc89cd37d04f04b07 avia-icon_select-yes-left-icon avia-size-large avia-position-right ' ><span class='avia_button_icon avia_button_icon_left' aria-hidden='true' data-av_icon='\ue889' data-av_iconfont='entypo-fontello'><\/span><span class='avia_iconbox_title' >Click here!<\/span><\/a><\/div><\/div>\n<div  class='av-woo-product-related-upsells  avia-builder-el-5  el_after_av_promobox  avia-builder-el-last '><div class='product_column product_column_3'>\n\t<section class=\"related products\">\n\n\t\t\t\t\t<h2>Related products<\/h2>\n\t\t\t\t\n\t\t<ul class=\"products columns-3\">\n\n\t\t\t\n\t\t\t\t\t<li class=\"product type-product post-863 status-publish first instock product_cat-control-units product_cat-koch-technik product_cat-mixing-and-dosing has-post-thumbnail virtual product-type-simple\">\n\t<div class='inner_product main_color wrapped_style noLightbox  av-product-class-minimal'><div class='thumbnail_container'><img width=\"300\" height=\"300\" src=\"https:\/\/storker.hu\/hrvatski\/wp-content\/uploads\/mcm-control-300x300.jpg\" class=\"wp-image-864 avia-img-lazy-loading-864 attachment-shop_catalog size-shop_catalog wp-post-image\" alt=\"mcm vez\u00e9rl\u0151egys\u00e9g\" loading=\"lazy\" srcset=\"https:\/\/storker.hu\/hrvatski\/wp-content\/uploads\/mcm-control-300x300.jpg 300w, https:\/\/storker.hu\/hrvatski\/wp-content\/uploads\/mcm-control-100x100.jpg 100w, https:\/\/storker.hu\/hrvatski\/wp-content\/uploads\/mcm-control-80x80.jpg 80w, https:\/\/storker.hu\/hrvatski\/wp-content\/uploads\/mcm-control-36x36.jpg 36w, https:\/\/storker.hu\/hrvatski\/wp-content\/uploads\/mcm-control-180x180.jpg 180w\" sizes=\"(max-width: 300px) 100vw, 300px\" \/><span class='cart-loading'><\/span><\/div><div class='inner_product_header'><div class='avia-arrow'><\/div><div class='inner_product_header_table'><div class='inner_product_header_cell'><\/div><\/div><\/div><\/div><\/li>\n\n\t\t\t\n\t\t\t\t\t<li class=\"product type-product post-795 status-publish instock product_cat-conveying product_cat-koch-technik has-post-thumbnail virtual product-type-simple\">\n\t<div class='inner_product main_color wrapped_style noLightbox  av-product-class-minimal'><div class='thumbnail_container'><img width=\"300\" height=\"300\" src=\"https:\/\/storker.hu\/hrvatski\/wp-content\/uploads\/small-size-300x300.jpg\" class=\"wp-image-796 avia-img-lazy-loading-796 attachment-shop_catalog size-shop_catalog wp-post-image\" alt=\"small-size\" loading=\"lazy\" srcset=\"https:\/\/storker.hu\/hrvatski\/wp-content\/uploads\/small-size-300x300.jpg 300w, https:\/\/storker.hu\/hrvatski\/wp-content\/uploads\/small-size-100x100.jpg 100w, https:\/\/storker.hu\/hrvatski\/wp-content\/uploads\/small-size-80x80.jpg 80w, https:\/\/storker.hu\/hrvatski\/wp-content\/uploads\/small-size-36x36.jpg 36w, https:\/\/storker.hu\/hrvatski\/wp-content\/uploads\/small-size-180x180.jpg 180w\" sizes=\"(max-width: 300px) 100vw, 300px\" \/><span class='cart-loading'><\/span><\/div><div class='inner_product_header'><div class='avia-arrow'><\/div><div class='inner_product_header_table'><div class='inner_product_header_cell'><\/div><\/div><\/div><\/div><\/li>\n\n\t\t\t\n\t\t\t\t\t<li class=\"product type-product post-777 status-publish last instock product_cat-koch-technik product_cat-modular-systems has-post-thumbnail virtual product-type-simple\">\n\t<div class='inner_product main_color wrapped_style noLightbox  av-product-class-minimal'><div class='thumbnail_container'><img width=\"300\" height=\"300\" src=\"https:\/\/storker.hu\/hrvatski\/wp-content\/uploads\/02_1_a-300x300.jpg\" class=\"wp-image-778 avia-img-lazy-loading-778 attachment-shop_catalog size-shop_catalog wp-post-image\" alt=\"Koch technik\" loading=\"lazy\" srcset=\"https:\/\/storker.hu\/hrvatski\/wp-content\/uploads\/02_1_a-300x300.jpg 300w, https:\/\/storker.hu\/hrvatski\/wp-content\/uploads\/02_1_a-100x100.jpg 100w, https:\/\/storker.hu\/hrvatski\/wp-content\/uploads\/02_1_a-80x80.jpg 80w, https:\/\/storker.hu\/hrvatski\/wp-content\/uploads\/02_1_a-36x36.jpg 36w, https:\/\/storker.hu\/hrvatski\/wp-content\/uploads\/02_1_a-180x180.jpg 180w\" sizes=\"(max-width: 300px) 100vw, 300px\" \/><span class='cart-loading'><\/span><\/div><div class='inner_product_header'><div class='avia-arrow'><\/div><div class='inner_product_header_table'><div class='inner_product_header_cell'><\/div><\/div><\/div><\/div><\/li>\n\n\t\t\t\n\t\t<\/ul>\n\n\t<\/section>\n\t<\/div><\/div>\n","protected":false},"excerpt":{"rendered":"","protected":false},"featured_media":866,"template":"","meta":[],"product_cat":[41,18,36],"product_tag":[],"_links":{"self":[{"href":"https:\/\/storker.hu\/hrvatski\/wp-json\/wp\/v2\/product\/865"}],"collection":[{"href":"https:\/\/storker.hu\/hrvatski\/wp-json\/wp\/v2\/product"}],"about":[{"href":"https:\/\/storker.hu\/hrvatski\/wp-json\/wp\/v2\/types\/product"}],"wp:featuredmedia":[{"embeddable":true,"href":"https:\/\/storker.hu\/hrvatski\/wp-json\/wp\/v2\/media\/866"}],"wp:attachment":[{"href":"https:\/\/storker.hu\/hrvatski\/wp-json\/wp\/v2\/media?parent=865"}],"wp:term":[{"taxonomy":"product_cat","embeddable":true,"href":"https:\/\/storker.hu\/hrvatski\/wp-json\/wp\/v2\/product_cat?post=865"},{"taxonomy":"product_tag","embeddable":true,"href":"https:\/\/storker.hu\/hrvatski\/wp-json\/wp\/v2\/product_tag?post=865"}],"curies":[{"name":"wp","href":"https:\/\/api.w.org\/{rel}","templated":true}]}}