{"id":1228,"date":"2017-12-04T15:01:12","date_gmt":"2017-12-04T13:01:12","guid":{"rendered":"http:\/\/storker.hu\/romanesc\/?post_type=product&#038;p=1228"},"modified":"2021-02-11T16:25:13","modified_gmt":"2021-02-11T14:25:13","slug":"crate-line","status":"publish","type":"product","link":"https:\/\/storker.hu\/romanesc\/products\/crate-line\/","title":{"rendered":"Crate-Line"},"content":{"rendered":"\n<style type=\"text\/css\" data-created_by=\"avia_inline_auto\" id=\"style-css-av-av_one_full-15d750bd1b332b34c6e70b077ebbccdf\">\n.flex_column.av-av_one_full-15d750bd1b332b34c6e70b077ebbccdf{\nborder-radius:0px 0px 0px 0px;\n-webkit-border-radius:0px 0px 0px 0px;\n-moz-border-radius:0px 0px 0px 0px;\n}\n<\/style>\n<div class='flex_column av-av_one_full-15d750bd1b332b34c6e70b077ebbccdf av_one_full  avia-builder-el-0  el_before_av_one_full  avia-builder-el-first  first flex_column_div av-zero-column-padding '   ><p>\n<style type=\"text\/css\" data-created_by=\"avia_inline_auto\" id=\"style-css-av-av_image-8e75eea536a73b3bfb027a57c788395f\">\n.avia-image-container.av-av_image-8e75eea536a73b3bfb027a57c788395f .av-image-caption-overlay-center{\ncolor:#ffffff;\n}\n<\/style>\n<div  class='avia-image-container av-av_image-8e75eea536a73b3bfb027a57c788395f av-styling- avia-align-center  avia-builder-el-1  el_before_av_textblock  avia-builder-el-first  '  itemprop=\"image\" itemscope=\"itemscope\" itemtype=\"https:\/\/schema.org\/ImageObject\" ><div class=\"avia-image-container-inner\"><div class=\"avia-image-overlay-wrap\"><img class='wp-image-1235 avia-img-lazy-loading-not-1235 avia_image' src=\"https:\/\/storker.hu\/romanesc\/wp-content\/uploads\/crateline.jpg\" alt='' title=''  height=\"720\" width=\"1280\"  itemprop=\"thumbnailUrl\" srcset=\"https:\/\/storker.hu\/romanesc\/wp-content\/uploads\/crateline.jpg 1280w, https:\/\/storker.hu\/romanesc\/wp-content\/uploads\/crateline-600x338.jpg 600w, https:\/\/storker.hu\/romanesc\/wp-content\/uploads\/crateline-300x169.jpg 300w, https:\/\/storker.hu\/romanesc\/wp-content\/uploads\/crateline-768x432.jpg 768w, https:\/\/storker.hu\/romanesc\/wp-content\/uploads\/crateline-1030x579.jpg 1030w, https:\/\/storker.hu\/romanesc\/wp-content\/uploads\/crateline-705x397.jpg 705w\" sizes=\"(max-width: 1280px) 100vw, 1280px\" \/><\/div><\/div><\/div><br \/>\n<section  class='av_textblock_section av-av_textblock-2de302bf1aa3cf4c9157dbe6f50ac7eb '  itemscope=\"itemscope\" itemtype=\"https:\/\/schema.org\/CreativeWork\" ><div class='avia_textblock '  itemprop=\"text\" ><h3>CRATE-LINE: <strong>Stork Crate-Line reprezint\u0103 calitatea de v\u00e2rf \u00een domeniul utilajelor destinate injec\u0163iei sistemelor de ambalaje logistice.<\/strong><\/h3>\n<h4>Caracteristicile CRATE-LINE<\/h4>\n<p style=\"text-align: justify;\">Stork ofer\u0103 o gam\u0103 larg\u0103 de sisteme de ac\u0163ionare, astfel v\u0103 asigur\u0103m, \u00eentotdeauna, utilajul cu func\u0163ionarea cea mai rapid\u0103 \u015fi cea mai economicoas\u0103. Snecurile speciale Stork, rezistente la uzur\u0103 sunt responsabile de distribuirea perfect\u0103 a preamestecurilor \u015fi de atingerea uni randament ridicat. \u00cen toate cazurile, Stork ofer\u0103 clien\u0163ilor s\u0103i cele mai rapide utilaje, chiar \u015fi \u00een domeniul m\u0103rimilor mari (de peste 4400). \u00cen cazul produc\u0163iei l\u0103zilor, este necesar un proces de injectare care include mai multe opera\u0163ii de extragere a miezului. Utilajul Stork, de extragere a miezului, sunt u\u015for de utilizat \u015fi dau posibilitatea desf\u0103\u015fur\u0103rii paralele a mai multor procese, astfel reduc\u00e2nd considerabil timpul ciclului.<\/p>\n<p style=\"text-align: justify;\">Func\u0163ia injectorului, de intensificare \u015fi monitorizare a canalului termic de injec\u0163ie, cre\u015fte randamentul de ini\u0163iere, astfel se pot evita \u00eenghe\u0163ul punctelor de injec\u0163ie. Astfel chiar \u015fi procesele mai complicate de injec\u0163ie pot fi ini\u0163iate cu u\u015furin\u0163\u0103. Sinele de ghidaj rectilinii ale meselor de pres\u0103 se remarc\u0103 prin construc\u0163ia robust\u0103 a acestora. Sistemele de ambalare logistice sunt realizate, \u00eentr-o m\u0103sur\u0103 din ce \u00een ce mai mare, cu ajutorul tehnologiei 2K. Unitatea 2K, care serve\u015fte acest scop, se poate comanda \u00een diferite m\u0103rimi \u015fi diferite aranjamente.<\/p>\n<\/div><\/section><br \/>\n\n<style type=\"text\/css\" data-created_by=\"avia_inline_auto\" id=\"style-css-av-av_promobox-2bbda72d3b729833d774b38174c55806\">\n.av_promobox.av-av_promobox-2bbda72d3b729833d774b38174c55806{\ncolor:#686868;\nbackground:#c5e0f0;\n}\n<\/style>\n<div  class='av_promobox av-av_promobox-2bbda72d3b729833d774b38174c55806 avia-button-yes  avia-builder-el-3  el_after_av_textblock  avia-builder-el-last  '><div class='avia-promocontent'><p>\nPentru mai multe informa\u021bii, pute\u021bi vizita acest site web:<\/p>\n<\/div><div  class='avia-button-wrap avia-button-right ' >\n<style type=\"text\/css\" data-created_by=\"avia_inline_auto\" id=\"style-css-av-av_button-57b311356391fd0f68756063adfb760f\">\n#top #wrap_all .avia-button.av-av_button-57b311356391fd0f68756063adfb760f{\nbackground-color:#0093dd;\nborder-color:#0093dd;\ncolor:#ffffff;\ntransition:all 0.4s ease-in-out;\n-webkit-transition:all 0.4s ease-in-out;\n-moz-transition:all 0.4s ease-in-out;\n-ms-transition:all 0.4s ease-in-out;\n-o-transition:all 0.4s ease-in-out;\n}\n<\/style>\n<a href='https:\/\/storkimm.com\/'  class='avia-button av-av_button-57b311356391fd0f68756063adfb760f avia-icon_select-yes-left-icon avia-size-large avia-position-right ' ><span class='avia_button_icon avia_button_icon_left' aria-hidden='true' data-av_icon='\ue889' data-av_iconfont='entypo-fontello'><\/span><span class='avia_iconbox_title' >Click aici!<\/span><\/a><\/div><\/div><\/p><\/div>\n<style type=\"text\/css\" data-created_by=\"avia_inline_auto\" id=\"style-css-av-av_one_full-826c1c0ca2001783299b013bb6b50dff\">\n.flex_column.av-av_one_full-826c1c0ca2001783299b013bb6b50dff{\nborder-radius:0px 0px 0px 0px;\n-webkit-border-radius:0px 0px 0px 0px;\n-moz-border-radius:0px 0px 0px 0px;\n}\n<\/style>\n<div class='flex_column av-av_one_full-826c1c0ca2001783299b013bb6b50dff av_one_full  avia-builder-el-4  el_after_av_one_full  el_before_av_one_full  first flex_column_div av-zero-column-padding column-top-margin'   ><section  class='av_textblock_section av-av_textblock-2de302bf1aa3cf4c9157dbe6f50ac7eb '  itemscope=\"itemscope\" itemtype=\"https:\/\/schema.org\/CreativeWork\" ><div class='avia_textblock '  itemprop=\"text\" ><h3>Unitatea de fixare a suclelor<\/h3>\n<h4 style=\"padding-bottom: 20px;\"><em>Rapid \u0219i simplu<\/em><\/h4>\n<ul>\n<li>Sistemul de articula\u0163ie robust, \u00een cinci puncte, ofer\u0103 cea mai rapid\u0103 \u015fi mai lin\u0103 mi\u015fcare<\/li>\n<li>Dirijarea exact\u0103 a piesei turnate este asigurat\u0103 de \u015finele lineare \u00eent\u0103rite<\/li>\n<li>\u00cen cazul unui IML se poate comanda si o presiune mai mare de ini\u0163iere<\/li>\n<li>Mesele pentru pres\u0103, extrem de rigide, ofer\u0103 o umplere simetric\u0103, chiar \u015fi la o for\u0163\u0103 de presare minima<\/li>\n<li>Mijloacele rapide \u015fi exacte, destinate siguran\u0163ei formei de injectare, ofer\u0103 piesei turnate valoroase, o protec\u0163ie de un \u00eenalt nivel<\/li>\n<li>Func\u0163ia de lubrifiere progresiv\u0103 dispune de func\u0163ie de monitorizare activ\u0103, garant\u00e2nd o fiabilitate excelent\u0103 \u015fi o durat\u0103 lung\u0103 de via\u0163\u0103<\/li>\n<li>Se poate utiliza \u015fi cu lubrifian\u0163i de calitate alimentar\u0103<\/li>\n<li>M\u0103surarea for\u0163ei de str\u00e2ngere, realizat\u0103 prin bara intern\u0103 de conectare, cre\u015fte calitatea procesului<\/li>\n<\/ul>\n<\/div><\/section><\/div><\/p>\n\n<style type=\"text\/css\" data-created_by=\"avia_inline_auto\" id=\"style-css-av-av_one_full-826c1c0ca2001783299b013bb6b50dff\">\n.flex_column.av-av_one_full-826c1c0ca2001783299b013bb6b50dff{\nborder-radius:0px 0px 0px 0px;\n-webkit-border-radius:0px 0px 0px 0px;\n-moz-border-radius:0px 0px 0px 0px;\n}\n<\/style>\n<div class='flex_column av-av_one_full-826c1c0ca2001783299b013bb6b50dff av_one_full  avia-builder-el-6  el_after_av_one_full  el_before_av_one_full  first flex_column_div av-zero-column-padding column-top-margin'   ><section  class='av_textblock_section av-av_textblock-2de302bf1aa3cf4c9157dbe6f50ac7eb '  itemscope=\"itemscope\" itemtype=\"https:\/\/schema.org\/CreativeWork\" ><div class='avia_textblock '  itemprop=\"text\" ><h3>Actionari<\/h3>\n<h4 style=\"padding-bottom: 20px;\"><em>Economie \u0219i Exactitate<br \/>\n<\/em><\/h4>\n<ul>\n<li>Datorit\u0103 utiliz\u0103rii simultane a tuturor func\u0163iilor, se poate ob\u0163ine cel mai scurt timp de ciclu<\/li>\n<li>Ac\u0163ionarea hibrid\u0103, cu acumulatori, ofer\u0103 o vitez\u0103 mare \u015fi un timp de r\u0103spuns rapid<\/li>\n<li>Pompa cu volum variabil, realizat de Stork, \u00eempreun\u0103 cu comanda acestuia \u015fi optimizat\u0103 din punct de vedere energetic, face parte din echipamentul standard<\/li>\n<li>Filtrarea de mare presiune, care se poate monta \u00een cadrul liniei de produc\u0163ie, asigur\u0103 o fiabilitate ridicat\u0103 procesului<\/li>\n<li>Motorul principal, cu comand\u0103 de frecven\u0163\u0103, ofer\u0103 un consum energetic redus<\/li>\n<li>Unitatea electric\u0103, de fixare a sculelor, dispune de o ac\u0163ionare fiabil\u0103 cu cremalier\u0103 si cu o unitate regenerativ\u0103, garant\u00e2nd cel mai scurt timp de ciclu \u015fi un consum energetic redus<\/li>\n<li>Destinat \u00een mod expres inject\u0103rii produselor cu pere\u0163i sub\u0163iri<\/li>\n<\/ul>\n<\/div><\/section><\/div>\n\n<style type=\"text\/css\" data-created_by=\"avia_inline_auto\" id=\"style-css-av-av_one_full-826c1c0ca2001783299b013bb6b50dff\">\n.flex_column.av-av_one_full-826c1c0ca2001783299b013bb6b50dff{\nborder-radius:0px 0px 0px 0px;\n-webkit-border-radius:0px 0px 0px 0px;\n-moz-border-radius:0px 0px 0px 0px;\n}\n<\/style>\n<div class='flex_column av-av_one_full-826c1c0ca2001783299b013bb6b50dff av_one_full  avia-builder-el-8  el_after_av_one_full  el_before_av_one_full  first flex_column_div av-zero-column-padding column-top-margin'   ><section  class='av_textblock_section av-av_textblock-2de302bf1aa3cf4c9157dbe6f50ac7eb '  itemscope=\"itemscope\" itemtype=\"https:\/\/schema.org\/CreativeWork\" ><div class='avia_textblock '  itemprop=\"text\" ><h3>SC1301 Smart Touch<\/h3>\n<h4 style=\"padding-bottom: 20px;\"><em>Inteligent <\/em><em>\u0219i u<\/em><em>\u0219or de utilizat<\/em><\/h4>\n<ul>\n<li>Toate informa\u0163iile necesare apar sistematizate \u015fi \u00een mod clar pe monitorul tactil, de 19\u201d al IPC<\/li>\n<li>Programele proprii, dezvoltate de Stork asigur\u0103 reglarea integral\u0103 a proceselor si realizarea unei optimiz\u0103ri \u00eenalte a acestora<\/li>\n<li>Datorit\u0103 faptului c\u0103 societatea are un departament propriu pentru realizarea softurilor, actualiz\u0103rile ajung \u00een timp foarte scurt la utilizatori<\/li>\n<li>O concep\u0163ie dovedit\u0103 ca fiind u\u015for de folosit<\/li>\n<li>Extrac\u0163ia miezului si secven\u0163ele supapelor pneumatice se pot programa u\u015for<\/li>\n<li>lnjectorul, prev\u0103zut cu monitor grafic, cu ampermetru op\u0163ional, cu func\u0163ii de intensificare \u015fi monitorizare a canalului termic de injec\u0163ie, cre\u015fte calitatea procesului \u015fi simplific\u0103 func\u0163ionarea \u00eentregului ansamblu<\/li>\n<li>Datorit\u0103 serviciilor de service la distan\u0163\u0103, oferite de Stork, cu ajutorul departamentului de rela\u0163ii cuclien\u0163ii, pute\u0163i interveni rapid \u00een procesele aflate \u00een desf\u0103\u015furare<\/li>\n<li>Datorit\u0103 serviciilor de service la distan\u0163\u0103, oferite de Stork, cu ajutorul departamentului de rela\u0163ii cuclien\u0163ii, pute\u0163i interveni rapid \u00een procesele aflate \u00een desf\u0103\u015furare<\/li>\n<li>Pagina ECo ofer\u0103 posibilitatea optimiz\u0103rii proceselor din punct de vedere al consumului energetic<\/li>\n<\/ul>\n<\/div><\/section><\/div>\n\n<style type=\"text\/css\" data-created_by=\"avia_inline_auto\" id=\"style-css-av-av_one_full-826c1c0ca2001783299b013bb6b50dff\">\n.flex_column.av-av_one_full-826c1c0ca2001783299b013bb6b50dff{\nborder-radius:0px 0px 0px 0px;\n-webkit-border-radius:0px 0px 0px 0px;\n-moz-border-radius:0px 0px 0px 0px;\n}\n<\/style>\n<div class='flex_column av-av_one_full-826c1c0ca2001783299b013bb6b50dff av_one_full  avia-builder-el-10  el_after_av_one_full  avia-builder-el-last  first flex_column_div av-zero-column-padding column-top-margin'   ><section  class='av_textblock_section av-av_textblock-2de302bf1aa3cf4c9157dbe6f50ac7eb '  itemscope=\"itemscope\" itemtype=\"https:\/\/schema.org\/CreativeWork\" ><div class='avia_textblock '  itemprop=\"text\" ><h3>Unitate de injectie<\/h3>\n<h4 style=\"padding-bottom: 20px;\"><em>Nivel \u00eenalt de performanta, topitura omogena<\/em><\/h4>\n<ul>\n<li>\u015enecurile speciale de mixare, av\u00e2nd un raport de diametru\/lungime de p\u00e2n\u0103 la 27, asigur\u0103 cea mai bun\u0103 performan\u0163\u0103, de asemenea asigur\u0103 distribu\u0163ia optim\u0103 a preamestecurilor<\/li>\n<li>\u00cen cazul inject\u0103rii obiectelor cu pere\u0163i sub\u0163iri este de o importan\u0163\u0103 major\u0103 procesul rapid de injectare \u015fi comutare<\/li>\n<li>lnjectorul de \u00eenchidere, stabil \u015fi av\u00e2nd diametru mare, reduce c\u0103derea presiunii<\/li>\n<li>Pentru diferitele domenii sunt alocate diferite aranjamente de solu\u0163ii 2K<\/li>\n<li>Viteza periferic\u0103 ridicat\u0103 d\u0103 posibilitate la un timp de plasticizare scurt \u015fi la randamente extrem de bune<\/li>\n<\/ul>\n<\/div><\/section><\/div>\n","protected":false},"excerpt":{"rendered":"","protected":false},"featured_media":1235,"template":"","meta":[],"product_cat":[72,71],"product_tag":[],"_links":{"self":[{"href":"https:\/\/storker.hu\/romanesc\/wp-json\/wp\/v2\/product\/1228"}],"collection":[{"href":"https:\/\/storker.hu\/romanesc\/wp-json\/wp\/v2\/product"}],"about":[{"href":"https:\/\/storker.hu\/romanesc\/wp-json\/wp\/v2\/types\/product"}],"wp:featuredmedia":[{"embeddable":true,"href":"https:\/\/storker.hu\/romanesc\/wp-json\/wp\/v2\/media\/1235"}],"wp:attachment":[{"href":"https:\/\/storker.hu\/romanesc\/wp-json\/wp\/v2\/media?parent=1228"}],"wp:term":[{"taxonomy":"product_cat","embeddable":true,"href":"https:\/\/storker.hu\/romanesc\/wp-json\/wp\/v2\/product_cat?post=1228"},{"taxonomy":"product_tag","embeddable":true,"href":"https:\/\/storker.hu\/romanesc\/wp-json\/wp\/v2\/product_tag?post=1228"}],"curies":[{"name":"wp","href":"https:\/\/api.w.org\/{rel}","templated":true}]}}