{"id":206,"date":"2017-10-19T13:29:10","date_gmt":"2017-10-19T11:29:10","guid":{"rendered":"http:\/\/storker.hu\/romanesc\/?post_type=product&#038;p=206"},"modified":"2021-12-07T18:59:24","modified_gmt":"2021-12-07T16:59:24","slug":"boy-50e","status":"publish","type":"product","link":"https:\/\/storker.hu\/romanesc\/products\/boy-50e\/","title":{"rendered":"BOY 50 E"},"content":{"rendered":"\n<style type=\"text\/css\" data-created_by=\"avia_inline_auto\" id=\"style-css-av-dhhy-bca1cd0b328bbff2b95fe45c4d9b773a\">\n.flex_column.av-dhhy-bca1cd0b328bbff2b95fe45c4d9b773a{\nborder-radius:0px 0px 0px 0px;\n-webkit-border-radius:0px 0px 0px 0px;\n-moz-border-radius:0px 0px 0px 0px;\n}\n<\/style>\n<div class='flex_column av-dhhy-bca1cd0b328bbff2b95fe45c4d9b773a av_one_full  avia-builder-el-0  el_before_av_one_full  avia-builder-el-first  first flex_column_div av-zero-column-padding '   ><style type=\"text\/css\" data-created_by=\"avia_inline_auto\" id=\"style-css-av-x0urq-593c49ebe33d6175a34032a092d7ae8d\">\n.avia-image-container.av-x0urq-593c49ebe33d6175a34032a092d7ae8d .av-image-caption-overlay-center{\ncolor:#ffffff;\n}\n<\/style>\n<div  class='avia-image-container av-x0urq-593c49ebe33d6175a34032a092d7ae8d av-styling- avia-align-center  avia-builder-el-1  avia-builder-el-no-sibling  '  itemprop=\"image\" itemscope=\"itemscope\" itemtype=\"https:\/\/schema.org\/ImageObject\" ><div class=\"avia-image-container-inner\"><div class=\"avia-image-overlay-wrap\"><img class='wp-image-205 avia-img-lazy-loading-not-205 avia_image' src=\"https:\/\/storker.hu\/romanesc\/wp-content\/uploads\/50e.jpg\" alt='BOY 50E VV, fr\u00f6ccs\u00f6nt\u0151 g\u00e9p' title=''  height=\"540\" width=\"960\"  itemprop=\"thumbnailUrl\" srcset=\"https:\/\/storker.hu\/romanesc\/wp-content\/uploads\/50e.jpg 960w, https:\/\/storker.hu\/romanesc\/wp-content\/uploads\/50e-600x338.jpg 600w, https:\/\/storker.hu\/romanesc\/wp-content\/uploads\/50e-300x169.jpg 300w, https:\/\/storker.hu\/romanesc\/wp-content\/uploads\/50e-768x432.jpg 768w, https:\/\/storker.hu\/romanesc\/wp-content\/uploads\/50e-705x397.jpg 705w\" sizes=\"(max-width: 960px) 100vw, 960px\" \/><\/div><\/div><\/div><\/div>\n\n<style type=\"text\/css\" data-created_by=\"avia_inline_auto\" id=\"style-css-av-2iyum-206617f91102851d6dba9fc1877deb7d\">\n.flex_column.av-2iyum-206617f91102851d6dba9fc1877deb7d{\nborder-radius:0px 0px 0px 0px;\n-webkit-border-radius:0px 0px 0px 0px;\n-moz-border-radius:0px 0px 0px 0px;\n}\n<\/style>\n<div class='flex_column av-2iyum-206617f91102851d6dba9fc1877deb7d av_one_full  avia-builder-el-2  el_after_av_one_full  el_before_av_promobox  first flex_column_div av-zero-column-padding column-top-margin'   ><section  class='av_textblock_section av-2cruu-c862acc5b9844da94fe1fed462ea79a4 '  itemscope=\"itemscope\" itemtype=\"https:\/\/schema.org\/CreativeWork\" ><div class='avia_textblock '  itemprop=\"text\" ><h3 style=\"padding-bottom: 30px; text-align: justify;\">BOY 50 E<\/h3>\n<p style=\"text-align: justify;\">The new machines of the &#8220;E&#8221; series are the top models. Because of the servo-motor pump drive, they are superior to comparable competitors&#8217; machines. BOY has managed to achieve or even top the positive features of electro-mechanical machines while simultaneously eliminating their disadvantages. Once more, BOY has proven their leading role and innovative strength regarding energy saving technologies, achieving yet another decisive breakthrough.<br \/>\nEntry with high power scope. In the standard execution of this injection moulding machine already a variety of functions are included. The BOY injection moulding machine equipped with the servo-motor pump drive and the Procan ALPHA \u00ae 2 has 500 kN clamping force.<\/p>\n<p>More energy efficient, quieter, faster, more precise.<\/p>\n<h4 style=\"padding-bottom: 20px; text-align: justify;\">Technical data<\/h4>\n<p><strong>Euromap Size:<\/strong><br \/>\n500-56 \/ 500-69 \/ 500-82 \/ 500-170<br \/>\n<strong>Screw Diameter:<\/strong><br \/>\n18, 22, 24, 28, 32, 38, 42<br \/>\n<strong>Max. Stroke Volume:<\/strong><br \/>\n173.2 cm\u00b3 (theoretical)<br \/>\n<strong>Max. Injection Flow:<\/strong><br \/>\n204.8 g\/s (theoretical)<br \/>\n<strong>Max. Spec. Injection Pressure:<\/strong><br \/>\n2739 bar<br \/>\n<strong>Max. Daylight Between Platen:<\/strong><br \/>\n650 mm<br \/>\n<strong>Max. Opening Stroke:<\/strong><br \/>\n500 mm<br \/>\n<strong>Distance Between Tie Bars:<\/strong><br \/>\n360 x 335 mm<\/p>\n<\/div><\/section><\/div>\n<style type=\"text\/css\" data-created_by=\"avia_inline_auto\" id=\"style-css-av-e9p7q-222602c5c3a558f310afee812998bb96\">\n.av_promobox.av-e9p7q-222602c5c3a558f310afee812998bb96{\ncolor:#686868;\nbackground:#c5e0f0;\n}\n<\/style>\n<div  class='av_promobox av-e9p7q-222602c5c3a558f310afee812998bb96 avia-button-yes  avia-builder-el-4  el_after_av_one_full  el_before_av_product_upsells  '><div class='avia-promocontent'><p>\nFor more information please visit this website:<\/p>\n<\/div><div  class='avia-button-wrap avia-button-right ' >\n<style type=\"text\/css\" data-created_by=\"avia_inline_auto\" id=\"style-css-av-e9p7q-2899c90cf9bd6380355676eb36b87d55\">\n#top #wrap_all .avia-button.av-e9p7q-2899c90cf9bd6380355676eb36b87d55{\nbackground-color:#0093dd;\nborder-color:#0093dd;\ncolor:#ffffff;\ntransition:all 0.4s ease-in-out;\n-webkit-transition:all 0.4s ease-in-out;\n-moz-transition:all 0.4s ease-in-out;\n-ms-transition:all 0.4s ease-in-out;\n-o-transition:all 0.4s ease-in-out;\n}\n<\/style>\n<a href='https:\/\/dr-boy.de\/startseite\/'  class='avia-button av-e9p7q-2899c90cf9bd6380355676eb36b87d55 avia-icon_select-yes-left-icon avia-size-large avia-position-right ' ><span class='avia_button_icon avia_button_icon_left' aria-hidden='true' data-av_icon='\ue889' data-av_iconfont='entypo-fontello'><\/span><span class='avia_iconbox_title' >Click here!<\/span><\/a><\/div><\/div><\/p>\n<div  class='av-woo-product-related-upsells  avia-builder-el-5  el_after_av_promobox  avia-builder-el-last '><div class='product_column product_column_3'>\n\t<section class=\"related products\">\n\n\t\t\t\t\t<h2>Related products<\/h2>\n\t\t\t\t\n\t\t<ul class=\"products columns-3\">\n\n\t\t\t\n\t\t\t\t\t<li class=\"product type-product post-198 status-publish first instock product_cat-boy-injection-moulding-machines has-post-thumbnail virtual product-type-simple\">\n\t<div class='inner_product main_color wrapped_style noLightbox  av-product-class-minimal'><div class='thumbnail_container'><img width=\"300\" height=\"300\" src=\"https:\/\/storker.hu\/romanesc\/wp-content\/uploads\/BOY_100E-300x300.jpg\" class=\"wp-image-199 avia-img-lazy-loading-199 attachment-shop_catalog size-shop_catalog wp-post-image\" alt=\"BOY 100E, fr\u00f6ccs\u00f6nt\u0151 g\u00e9p\" loading=\"lazy\" srcset=\"https:\/\/storker.hu\/romanesc\/wp-content\/uploads\/BOY_100E-300x300.jpg 300w, https:\/\/storker.hu\/romanesc\/wp-content\/uploads\/BOY_100E-100x100.jpg 100w, https:\/\/storker.hu\/romanesc\/wp-content\/uploads\/BOY_100E-80x80.jpg 80w, https:\/\/storker.hu\/romanesc\/wp-content\/uploads\/BOY_100E-36x36.jpg 36w, https:\/\/storker.hu\/romanesc\/wp-content\/uploads\/BOY_100E-180x180.jpg 180w\" sizes=\"(max-width: 300px) 100vw, 300px\" \/><span class='cart-loading'><\/span><\/div><div class='inner_product_header'><div class='avia-arrow'><\/div><div class='inner_product_header_table'><div class='inner_product_header_cell'><\/div><\/div><\/div><\/div><\/li>\n\n\t\t\t\n\t\t\t\t\t<li class=\"product type-product post-2010 status-publish instock product_cat-boy-injection-moulding-machines has-post-thumbnail virtual product-type-simple\">\n\t<div class='inner_product main_color wrapped_style noLightbox  av-product-class-minimal'><div class='thumbnail_container'><img width=\"300\" height=\"300\" src=\"https:\/\/storker.hu\/romanesc\/wp-content\/uploads\/boy55evv-960x540-300x300.jpg\" class=\"wp-image-2011 avia-img-lazy-loading-2011 attachment-shop_catalog size-shop_catalog wp-post-image\" alt=\"\" loading=\"lazy\" srcset=\"https:\/\/storker.hu\/romanesc\/wp-content\/uploads\/boy55evv-960x540-300x300.jpg 300w, https:\/\/storker.hu\/romanesc\/wp-content\/uploads\/boy55evv-960x540-100x100.jpg 100w, https:\/\/storker.hu\/romanesc\/wp-content\/uploads\/boy55evv-960x540-80x80.jpg 80w, https:\/\/storker.hu\/romanesc\/wp-content\/uploads\/boy55evv-960x540-36x36.jpg 36w, https:\/\/storker.hu\/romanesc\/wp-content\/uploads\/boy55evv-960x540-180x180.jpg 180w\" sizes=\"(max-width: 300px) 100vw, 300px\" \/><span class='cart-loading'><\/span><\/div><div class='inner_product_header'><div class='avia-arrow'><\/div><div class='inner_product_header_table'><div class='inner_product_header_cell'><\/div><\/div><\/div><\/div><\/li>\n\n\t\t\t\n\t\t\t\t\t<li class=\"product type-product post-857 status-publish last instock product_cat-boy-injection-moulding-machines has-post-thumbnail virtual product-type-simple\">\n\t<div class='inner_product main_color wrapped_style noLightbox  av-product-class-minimal'><div class='thumbnail_container'><img width=\"300\" height=\"300\" src=\"https:\/\/storker.hu\/romanesc\/wp-content\/uploads\/35-E-VV-300x300.gif\" class=\"wp-image-858 avia-img-lazy-loading-858 attachment-shop_catalog size-shop_catalog wp-post-image\" alt=\"boy 35 E VV\" loading=\"lazy\" srcset=\"https:\/\/storker.hu\/romanesc\/wp-content\/uploads\/35-E-VV-300x300.gif 300w, https:\/\/storker.hu\/romanesc\/wp-content\/uploads\/35-E-VV-100x100.gif 100w, https:\/\/storker.hu\/romanesc\/wp-content\/uploads\/35-E-VV-80x80.gif 80w, https:\/\/storker.hu\/romanesc\/wp-content\/uploads\/35-E-VV-36x36.gif 36w, https:\/\/storker.hu\/romanesc\/wp-content\/uploads\/35-E-VV-180x180.gif 180w\" sizes=\"(max-width: 300px) 100vw, 300px\" \/><span class='cart-loading'><\/span><\/div><div class='inner_product_header'><div class='avia-arrow'><\/div><div class='inner_product_header_table'><div class='inner_product_header_cell'><\/div><\/div><\/div><\/div><\/li>\n\n\t\t\t\n\t\t<\/ul>\n\n\t<\/section>\n\t<\/div><\/div>\n","protected":false},"excerpt":{"rendered":"<p>Saj\u00e1t hidraulikus meghajt\u00e1ssal \u00e9s vez\u00e9rl\u00e9ssel rendelkezik. Kivitelez\u00e9st\u0151l f\u00fcgg\u0151en ez az egys\u00e9g 280.5 cm3 l\u00e1gy\u00edt\u00f3 t\u00e9rfogatot k\u00edn\u00e1l.<\/p>\n<p>A vez\u00e9rl\u0151egys\u00e9g az alapberendez\u00e9s mellett van pozicion\u00e1lva. A r\u00f6gz\u00edtett kerekek egyszer\u0171v\u00e9 teszik az egys\u00e9g mozgat\u00e1s\u00e1t egy m\u00e1sik BOY fr\u00f6ccs\u00f6nt\u0151 g\u00e9pre m\u00e1s sz\u00e1ll\u00edt\u00f3r\u00f3l, ami tartalmazza a m\u00e1sodik \u00f6sszetev\u0151t. Az applik\u00e1ci\u00f3t\u00f3l fiigg\u0151en, a m\u00e1sodik fr\u00f6ccs\u00f6nt\u0151 egys\u00e9g t\u00f6bbf\u00e9le poz\u00edci\u00f3ba is elrendezhet\u0151. Ez helytakar\u00e9kos, amennyiben a v\u00edzszintes g\u00e9pek fiigg\u0151leges helyzetbe ker\u00fclnek, valamint lehet\u0151v\u00e9 teszi az oldal\u00e1ra val\u00f3 szerel\u00e9st is. A nyitott cs\u0151v\u00e9g a m\u00e1sodik komponens fr\u00f6ccs\u00f6nt\u0151 egys\u00e9ghez csatlakozik a f\u00fav\u00f3ka megfelel\u0151en be\u00e1ll\u00edthat\u00f3 nagynyom\u00e1s\u00fa t\u00f6ml\u0151vezet\u00e9k\u00e9n kereszt\u00fcl. A m\u00e1sodik komponens TFT kijelz\u0151je egy hosszabb k\u00e1bellel is fel van szerelve. Enn\u00e9lfogva a monitort a felhaszn\u00e1l\u00f3 fel\u00e9 is el lehet rendezni az alapg\u00e9peken- k\u00f6zvetlen\u00fcl az alapg\u00e9p Procan ALPHA\u00ae monitora fel\u00e9.<\/p>\n<p>&nbsp;<\/p>\n<p><strong>M\u0171szaki adatok<\/strong><\/p>\n<p>Csiga\u00e1tm\u00e9r\u0151: 28, 32, 36, 38, 42, 48 mm<\/p>\n<p>Max. l\u00f6kett\u00e9rfogat: 280,5 cm3 (elm\u00e9leti)<\/p>\n<p>Max. fr\u00f6ccs\u00f6nt\u00e9si \u00e1raml\u00e1si sebess\u00e9g: 271,8 g\/s (elm\u00e9leti)<\/p>\n<p>Max. speci\u00e1lis fr\u00f6ccs\u00f6nt\u00e9si nyom\u00e1s: 2778 bar<\/p>\n","protected":false},"featured_media":205,"template":"","meta":[],"product_cat":[17],"product_tag":[],"_links":{"self":[{"href":"https:\/\/storker.hu\/romanesc\/wp-json\/wp\/v2\/product\/206"}],"collection":[{"href":"https:\/\/storker.hu\/romanesc\/wp-json\/wp\/v2\/product"}],"about":[{"href":"https:\/\/storker.hu\/romanesc\/wp-json\/wp\/v2\/types\/product"}],"wp:featuredmedia":[{"embeddable":true,"href":"https:\/\/storker.hu\/romanesc\/wp-json\/wp\/v2\/media\/205"}],"wp:attachment":[{"href":"https:\/\/storker.hu\/romanesc\/wp-json\/wp\/v2\/media?parent=206"}],"wp:term":[{"taxonomy":"product_cat","embeddable":true,"href":"https:\/\/storker.hu\/romanesc\/wp-json\/wp\/v2\/product_cat?post=206"},{"taxonomy":"product_tag","embeddable":true,"href":"https:\/\/storker.hu\/romanesc\/wp-json\/wp\/v2\/product_tag?post=206"}],"curies":[{"name":"wp","href":"https:\/\/api.w.org\/{rel}","templated":true}]}}