{"id":803,"date":"2017-11-20T14:53:42","date_gmt":"2017-11-20T12:53:42","guid":{"rendered":"http:\/\/storker.hu\/romanesc\/?post_type=product&#038;p=803"},"modified":"2021-02-11T16:47:34","modified_gmt":"2021-02-11T14:47:34","slug":"the-koch-eco-control-system","status":"publish","type":"product","link":"https:\/\/storker.hu\/romanesc\/products\/the-koch-eco-control-system\/","title":{"rendered":"The KOCH ECO control system"},"content":{"rendered":"\n<style type=\"text\/css\" data-created_by=\"avia_inline_auto\" id=\"style-css-av-av_one_full-826c1c0ca2001783299b013bb6b50dff\">\n.flex_column.av-av_one_full-826c1c0ca2001783299b013bb6b50dff{\nborder-radius:0px 0px 0px 0px;\n-webkit-border-radius:0px 0px 0px 0px;\n-moz-border-radius:0px 0px 0px 0px;\n}\n<\/style>\n<div class='flex_column av-av_one_full-826c1c0ca2001783299b013bb6b50dff av_one_full  avia-builder-el-0  el_before_av_one_full  avia-builder-el-first  first flex_column_div av-zero-column-padding '   ><style type=\"text\/css\" data-created_by=\"avia_inline_auto\" id=\"style-css-av-av_image-4c93e75fc17e4099eb24cd87c2ae24d5\">\n.avia-image-container.av-av_image-4c93e75fc17e4099eb24cd87c2ae24d5 .av-image-caption-overlay-center{\ncolor:#ffffff;\n}\n<\/style>\n<div  class='avia-image-container av-av_image-4c93e75fc17e4099eb24cd87c2ae24d5 av-styling- av-hover-grow avia-align-center  avia-builder-el-1  avia-builder-el-no-sibling  '  itemprop=\"image\" itemscope=\"itemscope\" itemtype=\"https:\/\/schema.org\/ImageObject\" ><div class=\"avia-image-container-inner\"><div class=\"avia-image-overlay-wrap\"><a href=\"https:\/\/storker.hu\/romanesc\/wp-content\/uploads\/eco.jpg\" data-srcset=\"https:\/\/storker.hu\/romanesc\/wp-content\/uploads\/eco.jpg 640w, https:\/\/storker.hu\/romanesc\/wp-content\/uploads\/eco-600x428.jpg 600w, https:\/\/storker.hu\/romanesc\/wp-content\/uploads\/eco-300x214.jpg 300w, https:\/\/storker.hu\/romanesc\/wp-content\/uploads\/eco-260x185.jpg 260w\" data-sizes=\"(max-width: 640px) 100vw, 640px\" class='avia_image' ><img width=\"640\" height=\"457\" class='wp-image-805 avia-img-lazy-loading-not-805 avia_image' src=\"https:\/\/storker.hu\/romanesc\/wp-content\/uploads\/eco.jpg\" alt='eco' title=''  itemprop=\"thumbnailUrl\" srcset=\"https:\/\/storker.hu\/romanesc\/wp-content\/uploads\/eco.jpg 640w, https:\/\/storker.hu\/romanesc\/wp-content\/uploads\/eco-600x428.jpg 600w, https:\/\/storker.hu\/romanesc\/wp-content\/uploads\/eco-300x214.jpg 300w, https:\/\/storker.hu\/romanesc\/wp-content\/uploads\/eco-260x185.jpg 260w\" sizes=\"(max-width: 640px) 100vw, 640px\" \/><\/a><\/div><\/div><\/div><\/div>\n\n<style type=\"text\/css\" data-created_by=\"avia_inline_auto\" id=\"style-css-av-av_one_full-826c1c0ca2001783299b013bb6b50dff\">\n.flex_column.av-av_one_full-826c1c0ca2001783299b013bb6b50dff{\nborder-radius:0px 0px 0px 0px;\n-webkit-border-radius:0px 0px 0px 0px;\n-moz-border-radius:0px 0px 0px 0px;\n}\n<\/style>\n<div class='flex_column av-av_one_full-826c1c0ca2001783299b013bb6b50dff av_one_full  avia-builder-el-2  el_after_av_one_full  el_before_av_promobox  first flex_column_div av-zero-column-padding column-top-margin'   ><section  class='av_textblock_section av-av_textblock-2de302bf1aa3cf4c9157dbe6f50ac7eb '  itemscope=\"itemscope\" itemtype=\"https:\/\/schema.org\/CreativeWork\" ><div class='avia_textblock '  itemprop=\"text\" ><h3>The KOCH ECO control system<\/h3>\n<p style=\"text-align: justify;\">Our patented control system for gentle, energy-saving drying that does not damage material.<br \/>\nControlled drying that is economical, gentle on the material and energy-saving&#8230;<br \/>\nOur optional ECO control system guarantees that hygroscopic materials such as PA, PC, LCP, POM etc. do not become overly dry in the storage containers.When little or no material is removed from a storage container, there is a risk of material damage occurring due to the constant flow of hot air. The ECO control system stops this happening. When a certain temperature is reached at the top of the storage container, the drying system automatically switches to idle. The machine only begins to operate again if material is removed or the holding time is too long.<\/p>\n<p>The advantage is that you save up to 50% on energy and can access pre-dried material at any time. At the same time, you can be certain that no damage has been done to the material. The quality of the end product is thereby ensured.<\/p>\n<p><strong>Other features:<\/strong><\/p>\n<ul>\n<li>The regulating system takes into account the amount of air needed in the container<\/li>\n<li>The defined air quantity can be regulated &#8211; irrespective of the amount and type of material in the container<\/li>\n<li>The air flows through the container in exactly the quantity requiredOptional automatic load adjusting system<\/li>\n<\/ul>\n<\/div><\/section><\/div>\n\n<style type=\"text\/css\" data-created_by=\"avia_inline_auto\" id=\"style-css-av-av_promobox-4cb9ace5300e0a6b73ce921684e47143\">\n.av_promobox.av-av_promobox-4cb9ace5300e0a6b73ce921684e47143{\ncolor:#686868;\nbackground:#c5e0f0;\n}\n<\/style>\n<div  class='av_promobox av-av_promobox-4cb9ace5300e0a6b73ce921684e47143 avia-button-yes  avia-builder-el-4  el_after_av_one_full  el_before_av_product_upsells  '><div class='avia-promocontent'><p>\nFor more information please visit this website:<\/p>\n<\/div><div  class='avia-button-wrap avia-button-right ' >\n<style type=\"text\/css\" data-created_by=\"avia_inline_auto\" id=\"style-css-av-av_button-b53164bdf2289e6dc89cd37d04f04b07\">\n#top #wrap_all .avia-button.av-av_button-b53164bdf2289e6dc89cd37d04f04b07{\nbackground-color:#0093dd;\nborder-color:#0093dd;\ncolor:#ffffff;\ntransition:all 0.4s ease-in-out;\n-webkit-transition:all 0.4s ease-in-out;\n-moz-transition:all 0.4s ease-in-out;\n-ms-transition:all 0.4s ease-in-out;\n-o-transition:all 0.4s ease-in-out;\n}\n<\/style>\n<a href='https:\/\/koch-technik.com\/national\/'  class='avia-button av-av_button-b53164bdf2289e6dc89cd37d04f04b07 avia-icon_select-yes-left-icon avia-size-large avia-position-right ' ><span class='avia_button_icon avia_button_icon_left' aria-hidden='true' data-av_icon='\ue889' data-av_iconfont='entypo-fontello'><\/span><span class='avia_iconbox_title' >Click here!<\/span><\/a><\/div><\/div>\n<div  class='av-woo-product-related-upsells  avia-builder-el-5  el_after_av_promobox  avia-builder-el-last '><div class='product_column product_column_3'>\n\t<section class=\"related products\">\n\n\t\t\t\t\t<h2>Related products<\/h2>\n\t\t\t\t\n\t\t<ul class=\"products columns-3\">\n\n\t\t\t\n\t\t\t\t\t<li class=\"product type-product post-792 status-publish first instock product_cat-conveying product_cat-koch-technik has-post-thumbnail virtual product-type-simple\">\n\t<div class='inner_product main_color wrapped_style noLightbox  av-product-class-minimal'><div class='thumbnail_container'><img width=\"300\" height=\"300\" src=\"https:\/\/storker.hu\/romanesc\/wp-content\/uploads\/glasko-300x300.jpg\" class=\"wp-image-793 avia-img-lazy-loading-793 attachment-shop_catalog size-shop_catalog wp-post-image\" alt=\"glasko\" loading=\"lazy\" srcset=\"https:\/\/storker.hu\/romanesc\/wp-content\/uploads\/glasko-300x300.jpg 300w, https:\/\/storker.hu\/romanesc\/wp-content\/uploads\/glasko-100x100.jpg 100w, https:\/\/storker.hu\/romanesc\/wp-content\/uploads\/glasko-80x80.jpg 80w, https:\/\/storker.hu\/romanesc\/wp-content\/uploads\/glasko-36x36.jpg 36w, https:\/\/storker.hu\/romanesc\/wp-content\/uploads\/glasko-180x180.jpg 180w\" sizes=\"(max-width: 300px) 100vw, 300px\" \/><span class='cart-loading'><\/span><\/div><div class='inner_product_header'><div class='avia-arrow'><\/div><div class='inner_product_header_table'><div class='inner_product_header_cell'><\/div><\/div><\/div><\/div><\/li>\n\n\t\t\t\n\t\t\t\t\t<li class=\"product type-product post-867 status-publish instock product_cat-control-units product_cat-koch-technik product_cat-mixing-and-dosing has-post-thumbnail virtual product-type-simple\">\n\t<div class='inner_product main_color wrapped_style noLightbox  av-product-class-minimal'><div class='thumbnail_container'><img width=\"300\" height=\"300\" src=\"https:\/\/storker.hu\/romanesc\/wp-content\/uploads\/sl-31-control-300x300.jpg\" class=\"wp-image-868 avia-img-lazy-loading-868 attachment-shop_catalog size-shop_catalog wp-post-image\" alt=\"Sl 31 \u00e9s 41 vez\u00e9rl\u0151egys\u00e9gek\" loading=\"lazy\" srcset=\"https:\/\/storker.hu\/romanesc\/wp-content\/uploads\/sl-31-control-300x300.jpg 300w, https:\/\/storker.hu\/romanesc\/wp-content\/uploads\/sl-31-control-100x100.jpg 100w, https:\/\/storker.hu\/romanesc\/wp-content\/uploads\/sl-31-control-80x80.jpg 80w, https:\/\/storker.hu\/romanesc\/wp-content\/uploads\/sl-31-control-36x36.jpg 36w, https:\/\/storker.hu\/romanesc\/wp-content\/uploads\/sl-31-control-180x180.jpg 180w\" sizes=\"(max-width: 300px) 100vw, 300px\" \/><span class='cart-loading'><\/span><\/div><div class='inner_product_header'><div class='avia-arrow'><\/div><div class='inner_product_header_table'><div class='inner_product_header_cell'><\/div><\/div><\/div><\/div><\/li>\n\n\t\t\t\n\t\t\t\t\t<li class=\"product type-product post-784 status-publish last instock product_cat-koch-technik product_cat-mixing-and-dosing has-post-thumbnail virtual product-type-simple\">\n\t<div class='inner_product main_color wrapped_style noLightbox  av-product-class-minimal'><div class='thumbnail_container'><img width=\"300\" height=\"300\" src=\"https:\/\/storker.hu\/romanesc\/wp-content\/uploads\/Gx-mixer-300x300.jpg\" class=\"wp-image-786 avia-img-lazy-loading-786 attachment-shop_catalog size-shop_catalog wp-post-image\" alt=\"GX\" loading=\"lazy\" srcset=\"https:\/\/storker.hu\/romanesc\/wp-content\/uploads\/Gx-mixer-300x300.jpg 300w, https:\/\/storker.hu\/romanesc\/wp-content\/uploads\/Gx-mixer-100x100.jpg 100w, https:\/\/storker.hu\/romanesc\/wp-content\/uploads\/Gx-mixer-80x80.jpg 80w, https:\/\/storker.hu\/romanesc\/wp-content\/uploads\/Gx-mixer-36x36.jpg 36w, https:\/\/storker.hu\/romanesc\/wp-content\/uploads\/Gx-mixer-180x180.jpg 180w\" sizes=\"(max-width: 300px) 100vw, 300px\" \/><span class='cart-loading'><\/span><\/div><div class='inner_product_header'><div class='avia-arrow'><\/div><div class='inner_product_header_table'><div class='inner_product_header_cell'><\/div><\/div><\/div><\/div><\/li>\n\n\t\t\t\n\t\t<\/ul>\n\n\t<\/section>\n\t<\/div><\/div>\n","protected":false},"excerpt":{"rendered":"","protected":false},"featured_media":806,"template":"","meta":[],"product_cat":[39,18],"product_tag":[],"_links":{"self":[{"href":"https:\/\/storker.hu\/romanesc\/wp-json\/wp\/v2\/product\/803"}],"collection":[{"href":"https:\/\/storker.hu\/romanesc\/wp-json\/wp\/v2\/product"}],"about":[{"href":"https:\/\/storker.hu\/romanesc\/wp-json\/wp\/v2\/types\/product"}],"wp:featuredmedia":[{"embeddable":true,"href":"https:\/\/storker.hu\/romanesc\/wp-json\/wp\/v2\/media\/806"}],"wp:attachment":[{"href":"https:\/\/storker.hu\/romanesc\/wp-json\/wp\/v2\/media?parent=803"}],"wp:term":[{"taxonomy":"product_cat","embeddable":true,"href":"https:\/\/storker.hu\/romanesc\/wp-json\/wp\/v2\/product_cat?post=803"},{"taxonomy":"product_tag","embeddable":true,"href":"https:\/\/storker.hu\/romanesc\/wp-json\/wp\/v2\/product_tag?post=803"}],"curies":[{"name":"wp","href":"https:\/\/api.w.org\/{rel}","templated":true}]}}