{"id":891,"date":"2017-11-30T14:15:39","date_gmt":"2017-11-30T12:15:39","guid":{"rendered":"http:\/\/storker.hu\/romanesc\/?post_type=product&#038;p=891"},"modified":"2021-02-11T16:42:29","modified_gmt":"2021-02-11T14:42:29","slug":"navigator-the-fully-automatic-material-feed-system","status":"publish","type":"product","link":"https:\/\/storker.hu\/romanesc\/products\/navigator-the-fully-automatic-material-feed-system\/","title":{"rendered":"Navigator &#8211; The fully automatic material feed system"},"content":{"rendered":"\n<style type=\"text\/css\" data-created_by=\"avia_inline_auto\" id=\"style-css-av-av_one_full-826c1c0ca2001783299b013bb6b50dff\">\n.flex_column.av-av_one_full-826c1c0ca2001783299b013bb6b50dff{\nborder-radius:0px 0px 0px 0px;\n-webkit-border-radius:0px 0px 0px 0px;\n-moz-border-radius:0px 0px 0px 0px;\n}\n<\/style>\n<div class='flex_column av-av_one_full-826c1c0ca2001783299b013bb6b50dff av_one_full  avia-builder-el-0  el_before_av_one_full  avia-builder-el-first  first flex_column_div av-zero-column-padding '   ><style type=\"text\/css\" data-created_by=\"avia_inline_auto\" id=\"style-css-av-av_image-286fbb9123809a19bad80312755fae8c\">\n.avia-image-container.av-av_image-286fbb9123809a19bad80312755fae8c .av-image-caption-overlay-center{\ncolor:#ffffff;\n}\n<\/style>\n<div  class='avia-image-container av-av_image-286fbb9123809a19bad80312755fae8c av-styling- av-hover-grow avia-align-center  avia-builder-el-1  avia-builder-el-no-sibling  '  itemprop=\"image\" itemscope=\"itemscope\" itemtype=\"https:\/\/schema.org\/ImageObject\" ><div class=\"avia-image-container-inner\"><div class=\"avia-image-overlay-wrap\"><a href=\"https:\/\/storker.hu\/romanesc\/wp-content\/uploads\/navi.jpg\" data-srcset=\"https:\/\/storker.hu\/romanesc\/wp-content\/uploads\/navi.jpg 960w, https:\/\/storker.hu\/romanesc\/wp-content\/uploads\/navi-600x411.jpg 600w, https:\/\/storker.hu\/romanesc\/wp-content\/uploads\/navi-300x205.jpg 300w, https:\/\/storker.hu\/romanesc\/wp-content\/uploads\/navi-768x526.jpg 768w, https:\/\/storker.hu\/romanesc\/wp-content\/uploads\/navi-705x482.jpg 705w\" data-sizes=\"(max-width: 960px) 100vw, 960px\" class='avia_image' ><img width=\"960\" height=\"657\" class='wp-image-892 avia-img-lazy-loading-not-892 avia_image' src=\"https:\/\/storker.hu\/romanesc\/wp-content\/uploads\/navi.jpg\" alt='' title=''  itemprop=\"thumbnailUrl\" srcset=\"https:\/\/storker.hu\/romanesc\/wp-content\/uploads\/navi.jpg 960w, https:\/\/storker.hu\/romanesc\/wp-content\/uploads\/navi-600x411.jpg 600w, https:\/\/storker.hu\/romanesc\/wp-content\/uploads\/navi-300x205.jpg 300w, https:\/\/storker.hu\/romanesc\/wp-content\/uploads\/navi-768x526.jpg 768w, https:\/\/storker.hu\/romanesc\/wp-content\/uploads\/navi-705x482.jpg 705w\" sizes=\"(max-width: 960px) 100vw, 960px\" \/><\/a><\/div><\/div><\/div><\/div>\n\n<style type=\"text\/css\" data-created_by=\"avia_inline_auto\" id=\"style-css-av-av_one_full-826c1c0ca2001783299b013bb6b50dff\">\n.flex_column.av-av_one_full-826c1c0ca2001783299b013bb6b50dff{\nborder-radius:0px 0px 0px 0px;\n-webkit-border-radius:0px 0px 0px 0px;\n-moz-border-radius:0px 0px 0px 0px;\n}\n<\/style>\n<div class='flex_column av-av_one_full-826c1c0ca2001783299b013bb6b50dff av_one_full  avia-builder-el-2  el_after_av_one_full  el_before_av_promobox  first flex_column_div av-zero-column-padding column-top-margin'   ><section  class='av_textblock_section av-av_textblock-2de302bf1aa3cf4c9157dbe6f50ac7eb '  itemscope=\"itemscope\" itemtype=\"https:\/\/schema.org\/CreativeWork\" ><div class='avia_textblock '  itemprop=\"text\" ><h3>Navigator &#8211; The fully automatic material feed system<\/h3>\n<p style=\"text-align: justify;\">A modern material supply system must have a fully automatic syste to distribute the material without leaving residues. Every machine needs tobe supplied with every material without time being lost and unnecessary effort caused by a swich to another material. Many years of experience and the necessary expertise have allowed us to develop an innovative and pioneering material feed system \u2013 the NAVIGATOR.<\/p>\n<p style=\"text-align: justify;\">The patented NAVIGATOR uses a very simple method to ensure that material is distributed without leaving any residues. The pre-selected machine line is connected with the material line in the centre; its position is checked electronically for accuracy. The material desstined for the machine is not conveyed until this has been completed. This allows any material to be connected to any machine. The advantage of this is that the machine line is connected directly to the material line, which guarantees that no residues of the previous material remain in the conveyor.<\/p>\n<p style=\"text-align: justify;\"><strong>About the patented NAVIGATOR:<\/strong><\/p>\n<ul>\n<li style=\"text-align: justify;\">There is no contamination of the various materials<\/li>\n<li style=\"text-align: justify;\">The machine line is connected directly with the material line<\/li>\n<li style=\"text-align: justify;\">The integrated PLC makes is possible to supply up to 40 machines fully automatically<\/li>\n<li style=\"text-align: justify;\">You can record all the operating data via interfaces<\/li>\n<li style=\"text-align: justify;\">Sensors supply all the information about current conveyor processes in the production system<\/li>\n<\/ul>\n<\/div><\/section><\/div>\n\n<style type=\"text\/css\" data-created_by=\"avia_inline_auto\" id=\"style-css-av-av_promobox-4cb9ace5300e0a6b73ce921684e47143\">\n.av_promobox.av-av_promobox-4cb9ace5300e0a6b73ce921684e47143{\ncolor:#686868;\nbackground:#c5e0f0;\n}\n<\/style>\n<div  class='av_promobox av-av_promobox-4cb9ace5300e0a6b73ce921684e47143 avia-button-yes  avia-builder-el-4  el_after_av_one_full  el_before_av_product_upsells  '><div class='avia-promocontent'><p>\nFor more information please visit this website:<\/p>\n<\/div><div  class='avia-button-wrap avia-button-right ' >\n<style type=\"text\/css\" data-created_by=\"avia_inline_auto\" id=\"style-css-av-av_button-b53164bdf2289e6dc89cd37d04f04b07\">\n#top #wrap_all .avia-button.av-av_button-b53164bdf2289e6dc89cd37d04f04b07{\nbackground-color:#0093dd;\nborder-color:#0093dd;\ncolor:#ffffff;\ntransition:all 0.4s ease-in-out;\n-webkit-transition:all 0.4s ease-in-out;\n-moz-transition:all 0.4s ease-in-out;\n-ms-transition:all 0.4s ease-in-out;\n-o-transition:all 0.4s ease-in-out;\n}\n<\/style>\n<a href='https:\/\/koch-technik.com\/national\/'  class='avia-button av-av_button-b53164bdf2289e6dc89cd37d04f04b07 avia-icon_select-yes-left-icon avia-size-large avia-position-right ' ><span class='avia_button_icon avia_button_icon_left' aria-hidden='true' data-av_icon='\ue889' data-av_iconfont='entypo-fontello'><\/span><span class='avia_iconbox_title' >Click here!<\/span><\/a><\/div><\/div>\n<div  class='av-woo-product-related-upsells  avia-builder-el-5  el_after_av_promobox  avia-builder-el-last '><div class='product_column product_column_3'>\n\t<section class=\"related products\">\n\n\t\t\t\t\t<h2>Related products<\/h2>\n\t\t\t\t\n\t\t<ul class=\"products columns-3\">\n\n\t\t\t\n\t\t\t\t\t<li class=\"product type-product post-863 status-publish first instock product_cat-control-units product_cat-koch-technik product_cat-mixing-and-dosing has-post-thumbnail virtual product-type-simple\">\n\t<div class='inner_product main_color wrapped_style noLightbox  av-product-class-minimal'><div class='thumbnail_container'><img width=\"300\" height=\"300\" src=\"https:\/\/storker.hu\/romanesc\/wp-content\/uploads\/mcm-control-300x300.jpg\" class=\"wp-image-864 avia-img-lazy-loading-864 attachment-shop_catalog size-shop_catalog wp-post-image\" alt=\"mcm vez\u00e9rl\u0151egys\u00e9g\" loading=\"lazy\" srcset=\"https:\/\/storker.hu\/romanesc\/wp-content\/uploads\/mcm-control-300x300.jpg 300w, https:\/\/storker.hu\/romanesc\/wp-content\/uploads\/mcm-control-100x100.jpg 100w, https:\/\/storker.hu\/romanesc\/wp-content\/uploads\/mcm-control-80x80.jpg 80w, https:\/\/storker.hu\/romanesc\/wp-content\/uploads\/mcm-control-36x36.jpg 36w, https:\/\/storker.hu\/romanesc\/wp-content\/uploads\/mcm-control-180x180.jpg 180w\" sizes=\"(max-width: 300px) 100vw, 300px\" \/><span class='cart-loading'><\/span><\/div><div class='inner_product_header'><div class='avia-arrow'><\/div><div class='inner_product_header_table'><div class='inner_product_header_cell'><\/div><\/div><\/div><\/div><\/li>\n\n\t\t\t\n\t\t\t\t\t<li class=\"product type-product post-867 status-publish instock product_cat-control-units product_cat-koch-technik product_cat-mixing-and-dosing has-post-thumbnail virtual product-type-simple\">\n\t<div class='inner_product main_color wrapped_style noLightbox  av-product-class-minimal'><div class='thumbnail_container'><img width=\"300\" height=\"300\" src=\"https:\/\/storker.hu\/romanesc\/wp-content\/uploads\/sl-31-control-300x300.jpg\" class=\"wp-image-868 avia-img-lazy-loading-868 attachment-shop_catalog size-shop_catalog wp-post-image\" alt=\"Sl 31 \u00e9s 41 vez\u00e9rl\u0151egys\u00e9gek\" loading=\"lazy\" srcset=\"https:\/\/storker.hu\/romanesc\/wp-content\/uploads\/sl-31-control-300x300.jpg 300w, https:\/\/storker.hu\/romanesc\/wp-content\/uploads\/sl-31-control-100x100.jpg 100w, https:\/\/storker.hu\/romanesc\/wp-content\/uploads\/sl-31-control-80x80.jpg 80w, https:\/\/storker.hu\/romanesc\/wp-content\/uploads\/sl-31-control-36x36.jpg 36w, https:\/\/storker.hu\/romanesc\/wp-content\/uploads\/sl-31-control-180x180.jpg 180w\" sizes=\"(max-width: 300px) 100vw, 300px\" \/><span class='cart-loading'><\/span><\/div><div class='inner_product_header'><div class='avia-arrow'><\/div><div class='inner_product_header_table'><div class='inner_product_header_cell'><\/div><\/div><\/div><\/div><\/li>\n\n\t\t\t\n\t\t\t\t\t<li class=\"product type-product post-810 status-publish last instock product_cat-koch-technik product_cat-metal-separators has-post-thumbnail virtual product-type-simple\">\n\t<div class='inner_product main_color wrapped_style noLightbox  av-product-class-minimal'><div class='thumbnail_container'><img width=\"300\" height=\"300\" src=\"https:\/\/storker.hu\/romanesc\/wp-content\/uploads\/metal-separator-300x300.jpg\" class=\"wp-image-811 avia-img-lazy-loading-811 attachment-shop_catalog size-shop_catalog wp-post-image\" alt=\"metal-separator\" loading=\"lazy\" srcset=\"https:\/\/storker.hu\/romanesc\/wp-content\/uploads\/metal-separator-300x300.jpg 300w, https:\/\/storker.hu\/romanesc\/wp-content\/uploads\/metal-separator-100x100.jpg 100w, https:\/\/storker.hu\/romanesc\/wp-content\/uploads\/metal-separator-80x80.jpg 80w, https:\/\/storker.hu\/romanesc\/wp-content\/uploads\/metal-separator-36x36.jpg 36w, https:\/\/storker.hu\/romanesc\/wp-content\/uploads\/metal-separator-180x180.jpg 180w\" sizes=\"(max-width: 300px) 100vw, 300px\" \/><span class='cart-loading'><\/span><\/div><div class='inner_product_header'><div class='avia-arrow'><\/div><div class='inner_product_header_table'><div class='inner_product_header_cell'><\/div><\/div><\/div><\/div><\/li>\n\n\t\t\t\n\t\t<\/ul>\n\n\t<\/section>\n\t<\/div><\/div>\n","protected":false},"excerpt":{"rendered":"","protected":false},"featured_media":892,"template":"","meta":[],"product_cat":[38,18],"product_tag":[],"_links":{"self":[{"href":"https:\/\/storker.hu\/romanesc\/wp-json\/wp\/v2\/product\/891"}],"collection":[{"href":"https:\/\/storker.hu\/romanesc\/wp-json\/wp\/v2\/product"}],"about":[{"href":"https:\/\/storker.hu\/romanesc\/wp-json\/wp\/v2\/types\/product"}],"wp:featuredmedia":[{"embeddable":true,"href":"https:\/\/storker.hu\/romanesc\/wp-json\/wp\/v2\/media\/892"}],"wp:attachment":[{"href":"https:\/\/storker.hu\/romanesc\/wp-json\/wp\/v2\/media?parent=891"}],"wp:term":[{"taxonomy":"product_cat","embeddable":true,"href":"https:\/\/storker.hu\/romanesc\/wp-json\/wp\/v2\/product_cat?post=891"},{"taxonomy":"product_tag","embeddable":true,"href":"https:\/\/storker.hu\/romanesc\/wp-json\/wp\/v2\/product_tag?post=891"}],"curies":[{"name":"wp","href":"https:\/\/api.w.org\/{rel}","templated":true}]}}