{"id":911,"date":"2017-11-30T15:52:05","date_gmt":"2017-11-30T13:52:05","guid":{"rendered":"http:\/\/storker.hu\/romanesc\/?post_type=product&#038;p=911"},"modified":"2021-02-11T16:46:28","modified_gmt":"2021-02-11T14:46:28","slug":"petko-the-pet-dryer","status":"publish","type":"product","link":"https:\/\/storker.hu\/romanesc\/products\/petko-the-pet-dryer\/","title":{"rendered":"PETKO &#8211; The PET dryer"},"content":{"rendered":"\n<style type=\"text\/css\" data-created_by=\"avia_inline_auto\" id=\"style-css-av-av_one_full-826c1c0ca2001783299b013bb6b50dff\">\n.flex_column.av-av_one_full-826c1c0ca2001783299b013bb6b50dff{\nborder-radius:0px 0px 0px 0px;\n-webkit-border-radius:0px 0px 0px 0px;\n-moz-border-radius:0px 0px 0px 0px;\n}\n<\/style>\n<div class='flex_column av-av_one_full-826c1c0ca2001783299b013bb6b50dff av_one_full  avia-builder-el-0  el_before_av_one_full  avia-builder-el-first  first flex_column_div av-zero-column-padding '   ><style type=\"text\/css\" data-created_by=\"avia_inline_auto\" id=\"style-css-av-av_image-c2cd4e45ae31f5af9036c94e392c62bf\">\n.avia-image-container.av-av_image-c2cd4e45ae31f5af9036c94e392c62bf .av-image-caption-overlay-center{\ncolor:#ffffff;\n}\n<\/style>\n<div  class='avia-image-container av-av_image-c2cd4e45ae31f5af9036c94e392c62bf av-styling- av-hover-grow avia-align-center  avia-builder-el-1  avia-builder-el-no-sibling  '  itemprop=\"image\" itemscope=\"itemscope\" itemtype=\"https:\/\/schema.org\/ImageObject\" ><div class=\"avia-image-container-inner\"><div class=\"avia-image-overlay-wrap\"><a href=\"https:\/\/storker.hu\/romanesc\/wp-content\/uploads\/petko.jpg\" data-srcset=\"https:\/\/storker.hu\/romanesc\/wp-content\/uploads\/petko.jpg 960w, https:\/\/storker.hu\/romanesc\/wp-content\/uploads\/petko-600x338.jpg 600w, https:\/\/storker.hu\/romanesc\/wp-content\/uploads\/petko-300x169.jpg 300w, https:\/\/storker.hu\/romanesc\/wp-content\/uploads\/petko-768x432.jpg 768w, https:\/\/storker.hu\/romanesc\/wp-content\/uploads\/petko-705x397.jpg 705w\" data-sizes=\"(max-width: 960px) 100vw, 960px\" class='avia_image' ><img width=\"960\" height=\"540\" class='wp-image-912 avia-img-lazy-loading-not-912 avia_image' src=\"https:\/\/storker.hu\/romanesc\/wp-content\/uploads\/petko.jpg\" alt='' title=''  itemprop=\"thumbnailUrl\" srcset=\"https:\/\/storker.hu\/romanesc\/wp-content\/uploads\/petko.jpg 960w, https:\/\/storker.hu\/romanesc\/wp-content\/uploads\/petko-600x338.jpg 600w, https:\/\/storker.hu\/romanesc\/wp-content\/uploads\/petko-300x169.jpg 300w, https:\/\/storker.hu\/romanesc\/wp-content\/uploads\/petko-768x432.jpg 768w, https:\/\/storker.hu\/romanesc\/wp-content\/uploads\/petko-705x397.jpg 705w\" sizes=\"(max-width: 960px) 100vw, 960px\" \/><\/a><\/div><\/div><\/div><\/div>\n\n<style type=\"text\/css\" data-created_by=\"avia_inline_auto\" id=\"style-css-av-av_one_full-826c1c0ca2001783299b013bb6b50dff\">\n.flex_column.av-av_one_full-826c1c0ca2001783299b013bb6b50dff{\nborder-radius:0px 0px 0px 0px;\n-webkit-border-radius:0px 0px 0px 0px;\n-moz-border-radius:0px 0px 0px 0px;\n}\n<\/style>\n<div class='flex_column av-av_one_full-826c1c0ca2001783299b013bb6b50dff av_one_full  avia-builder-el-2  el_after_av_one_full  el_before_av_promobox  first flex_column_div av-zero-column-padding column-top-margin'   ><section  class='av_textblock_section av-av_textblock-2de302bf1aa3cf4c9157dbe6f50ac7eb '  itemscope=\"itemscope\" itemtype=\"https:\/\/schema.org\/CreativeWork\" ><div class='avia_textblock '  itemprop=\"text\" ><h3>PETKO &#8211; The PET dryer<\/h3>\n<p style=\"text-align: justify;\">We at KOCH-TECHNIK have a great deal to offer processors of PET granulate, particularly where a customised solution is needed. The Koch PETKO systems were developed in collaboration with the Fraunhofer Institute especially for the PET market. They guarantee outstanding results when drying sensitive materials such as PET PREFORMS, PET films and optical discs.<br \/>\nMany factors play a part in the manufacture of PREFORMS for PET bottles. In order to achieve the desired results, we at KOCH-TECHNIK have developed some impressive specialised solutions: starting with the V 2 A stainless steel used for the drying containers, through the correct installation of the heating element to the heat insulation with suitable, heat-resistant materials. Furthermore, an adapted control system identifies the potential for energy saving, again setting standards in successful and cost-effective production for manufacturers.<\/p>\n<p style=\"text-align: justify;\"><strong>Benefits of Koch dryers for PET production:<\/strong><\/p>\n<ul>\n<li style=\"text-align: justify;\">Automatic dew point control system<\/li>\n<li style=\"text-align: justify;\">Dryer and container sizes to meet any requirement<\/li>\n<li style=\"text-align: justify;\">Tested, fully developed technology based on the CKT and EKO series.<\/li>\n<li style=\"text-align: justify;\">Heat exchanger in the pipework for maximum energy efficiency<\/li>\n<li style=\"text-align: justify;\">Modular construction makes it easy to upgrade existing drying systemsPatented ECO control system<\/li>\n<\/ul>\n<p style=\"text-align: justify;\"><strong>Drying containers with crystallisation insert<\/strong><\/p>\n<p style=\"text-align: justify;\">Frequently, the crystallisation and drying of amorphous PET are not separated, but carried out together. A crystallisation insert has been installed in the drying containers for drying PET. This ensures that the PET granulate is not mixed, but remains mobile in the drying process. In collaboration with the Frauenhofer Institute, we have developed patented solutions which compensate for the shift in the crystallisation zone which occurs as part of the process.<\/p>\n<\/div><\/section><\/div>\n\n<style type=\"text\/css\" data-created_by=\"avia_inline_auto\" id=\"style-css-av-av_promobox-4cb9ace5300e0a6b73ce921684e47143\">\n.av_promobox.av-av_promobox-4cb9ace5300e0a6b73ce921684e47143{\ncolor:#686868;\nbackground:#c5e0f0;\n}\n<\/style>\n<div  class='av_promobox av-av_promobox-4cb9ace5300e0a6b73ce921684e47143 avia-button-yes  avia-builder-el-4  el_after_av_one_full  el_before_av_product_upsells  '><div class='avia-promocontent'><p>\nFor more information please visit this website:<\/p>\n<\/div><div  class='avia-button-wrap avia-button-right ' >\n<style type=\"text\/css\" data-created_by=\"avia_inline_auto\" id=\"style-css-av-av_button-b53164bdf2289e6dc89cd37d04f04b07\">\n#top #wrap_all .avia-button.av-av_button-b53164bdf2289e6dc89cd37d04f04b07{\nbackground-color:#0093dd;\nborder-color:#0093dd;\ncolor:#ffffff;\ntransition:all 0.4s ease-in-out;\n-webkit-transition:all 0.4s ease-in-out;\n-moz-transition:all 0.4s ease-in-out;\n-ms-transition:all 0.4s ease-in-out;\n-o-transition:all 0.4s ease-in-out;\n}\n<\/style>\n<a href='https:\/\/koch-technik.com\/national\/'  class='avia-button av-av_button-b53164bdf2289e6dc89cd37d04f04b07 avia-icon_select-yes-left-icon avia-size-large avia-position-right ' ><span class='avia_button_icon avia_button_icon_left' aria-hidden='true' data-av_icon='\ue889' data-av_iconfont='entypo-fontello'><\/span><span class='avia_iconbox_title' >Click here!<\/span><\/a><\/div><\/div>\n<div  class='av-woo-product-related-upsells  avia-builder-el-5  el_after_av_promobox  avia-builder-el-last '><div class='product_column product_column_3'>\n\t<section class=\"related products\">\n\n\t\t\t\t\t<h2>Related products<\/h2>\n\t\t\t\t\n\t\t<ul class=\"products columns-3\">\n\n\t\t\t\n\t\t\t\t\t<li class=\"product type-product post-869 status-publish first instock product_cat-koch-technik product_cat-mixing-and-dosing has-post-thumbnail virtual product-type-simple\">\n\t<div class='inner_product main_color wrapped_style noLightbox  av-product-class-minimal'><div class='thumbnail_container'><img width=\"300\" height=\"300\" src=\"https:\/\/storker.hu\/romanesc\/wp-content\/uploads\/V-mixer-300x300.jpg\" class=\"wp-image-870 avia-img-lazy-loading-870 attachment-shop_catalog size-shop_catalog wp-post-image\" alt=\"V t\u00edpus\u00fa el\u0151kever\u0151\" loading=\"lazy\" srcset=\"https:\/\/storker.hu\/romanesc\/wp-content\/uploads\/V-mixer-300x300.jpg 300w, https:\/\/storker.hu\/romanesc\/wp-content\/uploads\/V-mixer-100x100.jpg 100w, https:\/\/storker.hu\/romanesc\/wp-content\/uploads\/V-mixer-80x80.jpg 80w, https:\/\/storker.hu\/romanesc\/wp-content\/uploads\/V-mixer-36x36.jpg 36w, https:\/\/storker.hu\/romanesc\/wp-content\/uploads\/V-mixer-180x180.jpg 180w\" sizes=\"(max-width: 300px) 100vw, 300px\" \/><span class='cart-loading'><\/span><\/div><div class='inner_product_header'><div class='avia-arrow'><\/div><div class='inner_product_header_table'><div class='inner_product_header_cell'><\/div><\/div><\/div><\/div><\/li>\n\n\t\t\t\n\t\t\t\t\t<li class=\"product type-product post-782 status-publish instock product_cat-direct-coloring-units product_cat-koch-technik has-post-thumbnail virtual product-type-simple\">\n\t<div class='inner_product main_color wrapped_style noLightbox  av-product-class-minimal'><div class='thumbnail_container'><img width=\"300\" height=\"300\" src=\"https:\/\/storker.hu\/romanesc\/wp-content\/uploads\/direct-coloring-300x300.jpg\" class=\"wp-image-783 avia-img-lazy-loading-783 attachment-shop_catalog size-shop_catalog wp-post-image\" alt=\"\" loading=\"lazy\" srcset=\"https:\/\/storker.hu\/romanesc\/wp-content\/uploads\/direct-coloring-300x300.jpg 300w, https:\/\/storker.hu\/romanesc\/wp-content\/uploads\/direct-coloring-100x100.jpg 100w, https:\/\/storker.hu\/romanesc\/wp-content\/uploads\/direct-coloring-80x80.jpg 80w, https:\/\/storker.hu\/romanesc\/wp-content\/uploads\/direct-coloring-36x36.jpg 36w, https:\/\/storker.hu\/romanesc\/wp-content\/uploads\/direct-coloring-180x180.jpg 180w\" sizes=\"(max-width: 300px) 100vw, 300px\" \/><span class='cart-loading'><\/span><\/div><div class='inner_product_header'><div class='avia-arrow'><\/div><div class='inner_product_header_table'><div class='inner_product_header_cell'><\/div><\/div><\/div><\/div><\/li>\n\n\t\t\t\n\t\t\t\t\t<li class=\"product type-product post-792 status-publish last instock product_cat-conveying product_cat-koch-technik has-post-thumbnail virtual product-type-simple\">\n\t<div class='inner_product main_color wrapped_style noLightbox  av-product-class-minimal'><div class='thumbnail_container'><img width=\"300\" height=\"300\" src=\"https:\/\/storker.hu\/romanesc\/wp-content\/uploads\/glasko-300x300.jpg\" class=\"wp-image-793 avia-img-lazy-loading-793 attachment-shop_catalog size-shop_catalog wp-post-image\" alt=\"glasko\" loading=\"lazy\" srcset=\"https:\/\/storker.hu\/romanesc\/wp-content\/uploads\/glasko-300x300.jpg 300w, https:\/\/storker.hu\/romanesc\/wp-content\/uploads\/glasko-100x100.jpg 100w, https:\/\/storker.hu\/romanesc\/wp-content\/uploads\/glasko-80x80.jpg 80w, https:\/\/storker.hu\/romanesc\/wp-content\/uploads\/glasko-36x36.jpg 36w, https:\/\/storker.hu\/romanesc\/wp-content\/uploads\/glasko-180x180.jpg 180w\" sizes=\"(max-width: 300px) 100vw, 300px\" \/><span class='cart-loading'><\/span><\/div><div class='inner_product_header'><div class='avia-arrow'><\/div><div class='inner_product_header_table'><div class='inner_product_header_cell'><\/div><\/div><\/div><\/div><\/li>\n\n\t\t\t\n\t\t<\/ul>\n\n\t<\/section>\n\t<\/div><\/div>\n","protected":false},"excerpt":{"rendered":"","protected":false},"featured_media":912,"template":"","meta":[],"product_cat":[42,39,18],"product_tag":[],"_links":{"self":[{"href":"https:\/\/storker.hu\/romanesc\/wp-json\/wp\/v2\/product\/911"}],"collection":[{"href":"https:\/\/storker.hu\/romanesc\/wp-json\/wp\/v2\/product"}],"about":[{"href":"https:\/\/storker.hu\/romanesc\/wp-json\/wp\/v2\/types\/product"}],"wp:featuredmedia":[{"embeddable":true,"href":"https:\/\/storker.hu\/romanesc\/wp-json\/wp\/v2\/media\/912"}],"wp:attachment":[{"href":"https:\/\/storker.hu\/romanesc\/wp-json\/wp\/v2\/media?parent=911"}],"wp:term":[{"taxonomy":"product_cat","embeddable":true,"href":"https:\/\/storker.hu\/romanesc\/wp-json\/wp\/v2\/product_cat?post=911"},{"taxonomy":"product_tag","embeddable":true,"href":"https:\/\/storker.hu\/romanesc\/wp-json\/wp\/v2\/product_tag?post=911"}],"curies":[{"name":"wp","href":"https:\/\/api.w.org\/{rel}","templated":true}]}}